{"id":243913,"date":"2022-03-16T20:39:18","date_gmt":"2022-03-16T20:39:18","guid":{"rendered":"https:\/\/compassrosepublicschools.org\/empleos\/"},"modified":"2022-06-14T17:47:19","modified_gmt":"2022-06-14T17:47:19","slug":"empleos","status":"publish","type":"page","link":"https:\/\/compassrosepublicschools.org\/es\/empleos\/","title":{"rendered":"Empleos"},"content":{"rendered":"<p>[et_pb_section fb_built=\u00bb1&#8243; _builder_version=\u00bb4.6.0&#8243; _module_preset=\u00bbdefault\u00bb background_image=\u00bbhttps:\/\/compassrosepublicschools.org\/wp-content\/uploads\/2022\/03\/cr-careers-header.jpg\u00bb custom_margin=\u00bb||||false|false\u00bb custom_padding=\u00bb210px||0px|||\u00bb][et_pb_row make_equal=\u00bbon\u00bb _builder_version=\u00bb4.6.0&#8243; _module_preset=\u00bbdefault\u00bb width=\u00bb35%\u00bb width_tablet=\u00bb75%\u00bb width_phone=\u00bb\u00bb width_last_edited=\u00bbon|desktop\u00bb max_width=\u00bb100%\u00bb module_alignment=\u00bbleft\u00bb custom_margin=\u00bb|auto||auto|false|false\u00bb custom_margin_tablet=\u00bb\u00bb custom_margin_phone=\u00bb\u00bb custom_margin_last_edited=\u00bbon|tablet\u00bb custom_padding=\u00bb40px||0px||false|false\u00bb][et_pb_column type=\u00bb4_4&#8243; _builder_version=\u00bb4.6.0&#8243; _module_preset=\u00bbdefault\u00bb][et_pb_text _builder_version=\u00bb4.6.0&#8243; _module_preset=\u00bbdefault\u00bb header_font_size=\u00bb50px\u00bb background_color=\u00bb#001e60&#8243; text_orientation=\u00bbcenter\u00bb background_layout=\u00bbdark\u00bb custom_margin=\u00bb||-50px|100px|false|false\u00bb custom_margin_tablet=\u00bb|||auto|false|false\u00bb custom_margin_phone=\u00bb\u00bb custom_margin_last_edited=\u00bbon|tablet\u00bb custom_padding=\u00bb20px||10px||false|false\u00bb]<\/p>\n<h1>Carreras Profesionales<\/h1>\n<p>[\/et_pb_text][\/et_pb_column][\/et_pb_row][\/et_pb_section][et_pb_section fb_built=\u00bb1&#8243; _builder_version=\u00bb4.6.0&#8243; _module_preset=\u00bbdefault\u00bb][et_pb_row column_structure=\u00bb1_2,1_2&#8243; make_equal=\u00bbon\u00bb _builder_version=\u00bb4.6.0&#8243; _module_preset=\u00bbdefault\u00bb][et_pb_column type=\u00bb1_2&#8243; _builder_version=\u00bb4.6.0&#8243; _module_preset=\u00bbdefault\u00bb][et_pb_image src=\u00bbhttps:\/\/compassrosepublicschools.org\/wp-content\/uploads\/2022\/03\/CactusStand.jpg\u00bb title_text=\u00bbCr-Img-careers-01.jpg\u00bb force_fullwidth=\u00bbon\u00bb _builder_version=\u00bb4.6.0&#8243; _module_preset=\u00bbdefault\u00bb][\/et_pb_image][\/et_pb_column][et_pb_column type=\u00bb1_2&#8243; _builder_version=\u00bb4.6.0&#8243; _module_preset=\u00bbdefault\u00bb custom_css_main_element=\u00bbmargin:auto;\u00bb][et_pb_text _builder_version=\u00bb4.6.0&#8243; _module_preset=\u00bbdefault\u00bb text_text_color=\u00bb#00a9e0&#8243; text_font_size=\u00bb21px\u00bb text_line_height=\u00bb2em\u00bb header_text_align=\u00bbleft\u00bb header_2_text_align=\u00bbleft\u00bb header_2_font_size=\u00bb48px\u00bb header_3_font_size=\u00bb35px\u00bb text_orientation=\u00bbcenter\u00bb max_width=\u00bb760px\u00bb module_alignment=\u00bbcenter\u00bb custom_margin=\u00bb||0px||false|false\u00bb custom_padding=\u00bb||0px||false|false\u00bb text_font_size_tablet=\u00bb\u00bb text_font_size_phone=\u00bb14px\u00bb text_font_size_last_edited=\u00bbon|phone\u00bb header_2_font_size_tablet=\u00bb\u00bb header_2_font_size_phone=\u00bb30px\u00bb header_2_font_size_last_edited=\u00bbon|phone\u00bb]<\/p>\n<p style=\"text-align: left;\">Nos Apasionan las Personas<\/p>\n<h2>Una Organizaci\u00f3n Donde Las Personas Son Primero<\/h2>\n<p>[\/et_pb_text][et_pb_text _builder_version=\u00bb4.6.0&#8243; _module_preset=\u00bbdefault\u00bb header_4_text_color=\u00bb#00a9e0&#8243; custom_padding=\u00bb0px||||false|false\u00bb custom_padding_tablet=\u00bb0px||||false|false\u00bb custom_padding_phone=\u00bb\u00bb custom_padding_last_edited=\u00bbon|desktop\u00bb]<\/p>\n<h2><\/h2>\n<p>Ponemos a las personas primero en todo lo que hacemos porque sabemos que trabajar en educaci\u00f3n es dif\u00edcil y transformador. Poner a las personas primero significa brindarles a nuestros educadores las herramientas, las habilidades y la retroalimentaci\u00f3n que merecen.<\/p>\n<p>[\/et_pb_text][\/et_pb_column][\/et_pb_row][et_pb_row column_structure=\u00bb1_2,1_2&#8243; make_equal=\u00bbon\u00bb _builder_version=\u00bb4.6.0&#8243; _module_preset=\u00bbdefault\u00bb][et_pb_column type=\u00bb1_2&#8243; _builder_version=\u00bb4.6.0&#8243; _module_preset=\u00bbdefault\u00bb custom_css_main_element=\u00bbmargin:auto;\u00bb][et_pb_text _builder_version=\u00bb4.6.0&#8243; _module_preset=\u00bbdefault\u00bb text_text_color=\u00bb#00a9e0&#8243; text_font_size=\u00bb21px\u00bb text_line_height=\u00bb2em\u00bb header_text_align=\u00bbleft\u00bb header_2_text_align=\u00bbleft\u00bb header_2_font_size=\u00bb48px\u00bb header_3_font_size=\u00bb35px\u00bb text_orientation=\u00bbcenter\u00bb max_width=\u00bb760px\u00bb module_alignment=\u00bbcenter\u00bb custom_margin=\u00bb||0px||false|false\u00bb custom_padding=\u00bb||0px||false|false\u00bb text_font_size_tablet=\u00bb\u00bb text_font_size_phone=\u00bb14px\u00bb text_font_size_last_edited=\u00bbon|phone\u00bb header_2_font_size_tablet=\u00bb\u00bb header_2_font_size_phone=\u00bb30px\u00bb header_2_font_size_last_edited=\u00bbon|phone\u00bb]<\/p>\n<p style=\"text-align: left;\">Nos Apasiona la Educaci\u00f3n<\/p>\n<h2>\u00danase a Nuestro Equipo<\/h2>\n<p>[\/et_pb_text][et_pb_text _builder_version=\u00bb4.6.0&#8243; _module_preset=\u00bbdefault\u00bb header_4_text_color=\u00bb#00a9e0&#8243; custom_padding=\u00bb7px||||false|false\u00bb custom_padding_tablet=\u00bb0px||||false|false\u00bb custom_padding_phone=\u00bb\u00bb custom_padding_last_edited=\u00bbon|desktop\u00bb]<\/p>\n<p>Buscamos constantemente educadores que tengan altas expectativas de educaci\u00f3n, que crean en las capacidades de TODOS los ni\u00f1os y est\u00e9n interesados \u200b\u200ben la equidad y la inclusi\u00f3n. Si ese es usted, \u00a1solicite unirse a nuestro equipo hoy!<\/p>\n<p>[\/et_pb_text][\/et_pb_column][et_pb_column type=\u00bb1_2&#8243; _builder_version=\u00bb4.6.0&#8243; _module_preset=\u00bbdefault\u00bb][et_pb_image src=\u00bbhttps:\/\/compassrosepublicschools.org\/wp-content\/uploads\/2022\/03\/cr-img-careers-02.jpg\u00bb title_text=\u00bbcr-img-careers-02&#8243; force_fullwidth=\u00bbon\u00bb _builder_version=\u00bb4.6.0&#8243; _module_preset=\u00bbdefault\u00bb][\/et_pb_image][\/et_pb_column][\/et_pb_row][et_pb_row column_structure=\u00bb1_4,3_4&#8243; use_custom_gutter=\u00bbon\u00bb gutter_width=\u00bb1&#8243; _builder_version=\u00bb4.6.0&#8243; _module_preset=\u00bbdefault\u00bb custom_padding=\u00bb45px||7px|||\u00bb][et_pb_column type=\u00bb1_4&#8243; _builder_version=\u00bb4.6.0&#8243; _module_preset=\u00bbdefault\u00bb][\/et_pb_column][et_pb_column type=\u00bb3_4&#8243; _builder_version=\u00bb4.6.0&#8243; _module_preset=\u00bbdefault\u00bb][et_pb_text _builder_version=\u00bb4.6.0&#8243; _module_preset=\u00bbdefault\u00bb text_text_color=\u00bb#00a9e0&#8243; text_font_size=\u00bb21px\u00bb text_line_height=\u00bb2em\u00bb header_text_align=\u00bbleft\u00bb header_2_text_align=\u00bbleft\u00bb header_2_font_size=\u00bb48px\u00bb header_3_font_size=\u00bb35px\u00bb text_orientation=\u00bbcenter\u00bb max_width=\u00bb760px\u00bb module_alignment=\u00bbcenter\u00bb custom_margin=\u00bb||0px|11px|false|false\u00bb custom_padding=\u00bb||0px|0px|false|false\u00bb text_font_size_tablet=\u00bb\u00bb text_font_size_phone=\u00bb14px\u00bb text_font_size_last_edited=\u00bbon|phone\u00bb header_2_font_size_tablet=\u00bb\u00bb header_2_font_size_phone=\u00bb30px\u00bb header_2_font_size_last_edited=\u00bbon|phone\u00bb]<\/p>\n<p style=\"text-align: left;\">Nuestros h\u00e1bitos fundamentales representan qui\u00e9nes nos esforzamos por ser<\/p>\n<h2>H\u00e1bitos Fundamentales<\/h2>\n<p>[\/et_pb_text][\/et_pb_column][\/et_pb_row][et_pb_row column_structure=\u00bb1_4,3_4&#8243; _builder_version=\u00bb4.6.0&#8243; _module_preset=\u00bbdefault\u00bb][et_pb_column type=\u00bb1_4&#8243; _builder_version=\u00bb4.6.0&#8243; _module_preset=\u00bbdefault\u00bb][et_pb_image src=\u00bbhttps:\/\/compassrosepublicschools.org\/wp-content\/uploads\/2022\/03\/icon-ch-salt.png\u00bb title_text=\u00bbicon-ch-salt\u00bb align=\u00bbright\u00bb align_tablet=\u00bbleft\u00bb align_phone=\u00bb\u00bb align_last_edited=\u00bbon|desktop\u00bb _builder_version=\u00bb4.6.0&#8243; _module_preset=\u00bbdefault\u00bb][\/et_pb_image][\/et_pb_column][et_pb_column type=\u00bb3_4&#8243; _builder_version=\u00bb4.6.0&#8243; _module_preset=\u00bbdefault\u00bb][et_pb_text _builder_version=\u00bb4.6.0&#8243; _module_preset=\u00bbdefault\u00bb header_4_text_color=\u00bb#00a9e0&#8243;]<\/p>\n<h5>Poniendo La Mesa<\/h5>\n<p>Cuando establecemos expectativas, estamos poniendo la mesa \u2013 poniendo nuestro salero en el centro. Siempre que el salero est\u00e9 descentrado, lo movemos de regreso al centro. Primero, establecemos expectativas expl\u00edcitas: ponemos la mesa y colocamos el salero exactamente donde queremos. Luego, cuando se mueve, aplicamos una presi\u00f3n constante y suave para asegurarnos de que siempre vuelva al centro.[\/et_pb_text][\/et_pb_column][\/et_pb_row][et_pb_row column_structure=\u00bb1_4,3_4&#8243; _builder_version=\u00bb4.6.0&#8243; _module_preset=\u00bbdefault\u00bb][et_pb_column type=\u00bb1_4&#8243; _builder_version=\u00bb4.6.0&#8243; _module_preset=\u00bbdefault\u00bb][et_pb_image src=\u00bbhttps:\/\/compassrosepublicschools.org\/wp-content\/uploads\/2022\/03\/icon-ch-jersey.png\u00bb title_text=\u00bbicon-ch-jersey\u00bb align=\u00bbright\u00bb align_tablet=\u00bbleft\u00bb align_phone=\u00bb\u00bb align_last_edited=\u00bbon|desktop\u00bb _builder_version=\u00bb4.6.0&#8243; _module_preset=\u00bbdefault\u00bb][\/et_pb_image][\/et_pb_column][et_pb_column type=\u00bb3_4&#8243; _builder_version=\u00bb4.6.0&#8243; _module_preset=\u00bbdefault\u00bb][et_pb_text _builder_version=\u00bb4.6.0&#8243; _module_preset=\u00bbdefault\u00bb header_4_text_color=\u00bb#00a9e0&#8243;]<\/p>\n<h5>La Camiseta Sucia<\/h5>\n<p>La \u201ccamiseta sucia\u201d es una met\u00e1fora de un jugador que muestra determinaci\u00f3n y tenacidad en el campo. La camiseta de un jugador se ensucia cuando se lanza en busca de pelotas, se desliza hacia las bases y se apasiona por el objetivo final. En nuestras escuelas, todos jugamos as\u00ed: nos apresuramos, hacemos nuestro trabajo, ayudamos a otros con su trabajo y nos esforzamos para lograr m\u00e1s de lo que nunca pensamos que podr\u00edamos. No trabajamos duro solo por las apariencias; trabajamos duro porque el trabajo de equidad es duro y requerir\u00e1 mucho m\u00e1s de nosotros. [\/et_pb_text][\/et_pb_column][\/et_pb_row][et_pb_row column_structure=\u00bb1_4,3_4&#8243; _builder_version=\u00bb4.6.0&#8243; _module_preset=\u00bbdefault\u00bb][et_pb_column type=\u00bb1_4&#8243; _builder_version=\u00bb4.6.0&#8243; _module_preset=\u00bbdefault\u00bb][et_pb_image src=\u00bbhttps:\/\/compassrosepublicschools.org\/wp-content\/uploads\/2022\/03\/icon-ch-love.png\u00bb title_text=\u00bbicon-ch-love\u00bb align=\u00bbright\u00bb align_tablet=\u00bbleft\u00bb align_phone=\u00bb\u00bb align_last_edited=\u00bbon|desktop\u00bb _builder_version=\u00bb4.6.0&#8243; _module_preset=\u00bbdefault\u00bb][\/et_pb_image][\/et_pb_column][et_pb_column type=\u00bb3_4&#8243; _builder_version=\u00bb4.6.0&#8243; _module_preset=\u00bbdefault\u00bb][et_pb_text _builder_version=\u00bb4.6.0&#8243; _module_preset=\u00bbdefault\u00bb header_4_text_color=\u00bb#00a9e0&#8243;]<\/p>\n<h5>La Cosa Con La Alegr\u00eda\/ El Amor<\/h5>\n<p>Creemos en afirmar nuestra humanidad a trav\u00e9s de la poderosa conexi\u00f3n de nuestra cultura emocional, donde somos afectuosos, solidarios y compasivos unos con otros, con nuestros estudiantes y con nuestra comunidad. Se necesita m\u00e1s que gestos superficiales para mostrarle a la gente que nos importa. Invertimos nuestro tiempo y nuestro coraz\u00f3n en nuestra gente. Trabajamos y operamos con amor y eso nos hace diferentes.[\/et_pb_text][\/et_pb_column][\/et_pb_row][et_pb_row column_structure=\u00bb2_5,3_5&#8243; _builder_version=\u00bb4.6.0&#8243; _module_preset=\u00bbdefault\u00bb custom_margin=\u00bb40px|auto||auto||\u00bb][et_pb_column type=\u00bb2_5&#8243; _builder_version=\u00bb4.6.0&#8243; _module_preset=\u00bbdefault\u00bb][et_pb_image src=\u00bbhttps:\/\/compassrosepublicschools.org\/wp-content\/uploads\/2022\/03\/DSC_1927-1.png\u00bb title_text=\u00bbDSC_1927 1&#8243; force_fullwidth=\u00bbon\u00bb _builder_version=\u00bb4.6.0&#8243; _module_preset=\u00bbdefault\u00bb][\/et_pb_image][\/et_pb_column][et_pb_column type=\u00bb3_5&#8243; _builder_version=\u00bb4.6.0&#8243; _module_preset=\u00bbdefault\u00bb][et_pb_text _builder_version=\u00bb4.6.0&#8243; _module_preset=\u00bbdefault\u00bb header_3_font_size=\u00bb38px\u00bb]<\/p>\n<h3> Preguntas Frecuentes <\/h3>\n<p>[\/et_pb_text][et_pb_accordion closed_toggle_background_color=\u00bbrgba(239,239,239,0.39)\u00bb icon_color=\u00bb#00a9e0&#8243; _builder_version=\u00bb4.6.0&#8243; _module_preset=\u00bbdefault\u00bb toggle_text_color=\u00bb#000000&#8243; toggle_font=\u00bb|700|||||||\u00bb custom_css_toggle_title=\u00bbtext-transform: initial;\u00bb border_width_all=\u00bb0px\u00bb box_shadow_style=\u00bbpreset3&#8243; box_shadow_vertical=\u00bb5px\u00bb][et_pb_accordion_item title=\u00bb \u00bfNecesito estar certificado para ense\u00f1ar?\u00bb open=\u00bbon\u00bb _builder_version=\u00bb4.6.0&#8243; _module_preset=\u00bbdefault\u00bb custom_css_toggle_title=\u00bbfont-weight:400 !important;\u00bb toggle_font=\u00bb|300|||||||\u00bb]<\/p>\n<p><span style=\"font-weight: 400;\">Requerimos certificaciones para maestros de Educaci\u00f3n Especial y ELA. Fuera de eso, el estado no requiere que los maestros de las escuelas ch\u00e1rter est\u00e9n completamente certificados. Buscamos educadores con experiencia en contenido, habilidades de pensamiento cr\u00edtico y alineados con nuestra misi\u00f3n y valores.<\/span><\/p>\n<p>[\/et_pb_accordion_item][et_pb_accordion_item title=\u00bb \u00bfHay un programa de preparaci\u00f3n para maestros?\u00bb _builder_version=\u00bb4.6.0&#8243; _module_preset=\u00bbdefault\u00bb open=\u00bboff\u00bb]<\/p>\n<p><span style=\"font-weight: 400;\">Si. La residencia de ense\u00f1anza de Compass Rose es un programa de residencia innovador de dos a\u00f1os que brinda a los aspirantes a maestros un camino pr\u00e1ctico y de apoyo hacia la ense\u00f1anza.<br \/>\n<\/span><\/p>\n<p>[\/et_pb_accordion_item][et_pb_accordion_item title=\u00bb\u00bfDebo postularme para m\u00e1s de un puesto?\u00bb _builder_version=\u00bb4.6.0&#8243; _module_preset=\u00bbdefault\u00bb open=\u00bboff\u00bb]<\/p>\n<p><span style=\"font-weight: 400;\">No hay necesidad. Reconocemos que puede calificar para m\u00e1s de un puesto. Complete una solicitud y nuestro equipo de talentos lo conectar\u00e1 con otras oportunidades para las que est\u00e9 calificado seg\u00fan la disponibilidad.<br \/>\n<\/span><\/p>\n<p>[\/et_pb_accordion_item][\/et_pb_accordion][et_pb_button button_url=\u00bbhttps:\/\/compassrosepublicschools.org\/resource-library\/resource-library\/\u00bb button_text=\u00bbSee More Frequently Asked Questions\u00bb button_alignment=\u00bbleft\u00bb disabled_on=\u00bbon|on|on\u00bb _builder_version=\u00bb4.6.0&#8243; _module_preset=\u00bbdefault\u00bb custom_button=\u00bbon\u00bb button_text_color=\u00bb#00a9e0&#8243; button_bg_color=\u00bb#ffffff\u00bb button_border_width=\u00bb0px\u00bb button_on_hover=\u00bboff\u00bb custom_margin=\u00bb0px||0px||true|false\u00bb custom_padding=\u00bb0px||0px||true|false\u00bb disabled=\u00bbon\u00bb button_text_color__hover_enabled=\u00bbon|hover\u00bb button_text_color__hover=\u00bb#000000&#8243;][\/et_pb_button][\/et_pb_column][\/et_pb_row][\/et_pb_section][et_pb_section fb_built=\u00bb1&#8243; _builder_version=\u00bb4.6.0&#8243; _module_preset=\u00bbdefault\u00bb background_color=\u00bb#00a9e0&#8243; background_image=\u00bbhttps:\/\/compassrosepublicschools.org\/wp-content\/uploads\/2022\/03\/Frame-29.png\u00bb custom_padding=\u00bb2px||0px|||\u00bb][et_pb_row _builder_version=\u00bb4.6.0&#8243; _module_preset=\u00bbdefault\u00bb][et_pb_column type=\u00bb4_4&#8243; _builder_version=\u00bb4.6.0&#8243; _module_preset=\u00bbdefault\u00bb][et_pb_cta title=\u00bbAprenda M\u00e1s\u00bb button_url=\u00bbhttps:\/\/app.hirenimble.com\/jobs\/compassrose\u00bb url_new_window=\u00bbon\u00bb button_text=\u00bbVer Empleos\u00bb _builder_version=\u00bb4.6.0&#8243; _module_preset=\u00bbdefault\u00bb header_level=\u00bbh4&#8243; header_text_align=\u00bbleft\u00bb header_font_size=\u00bb48px\u00bb body_font_size=\u00bb21px\u00bb background_enable_color=\u00bboff\u00bb background_enable_image=\u00bboff\u00bb background_size=\u00bbinitial\u00bb custom_button=\u00bbon\u00bb button_text_color=\u00bb#001e60&#8243; button_bg_color=\u00bb#ffffff\u00bb button_border_width=\u00bb0px\u00bb button_font=\u00bb|700||on|||||\u00bb button_use_icon=\u00bboff\u00bb text_orientation=\u00bbleft\u00bb custom_padding=\u00bb10px||10px||true|false\u00bb link_option_url_new_window=\u00bbon\u00bb]<\/p>\n<p>\u00bfEst\u00e1 listo para trabajar en un entorno en el que las personas son primero, en el que puede ser usted mismo con infinitas oportunidades de crecimiento y desarrollo profesional? \u00danase a nuestro equipo hoy.<\/p>\n<p>[\/et_pb_cta][\/et_pb_column][\/et_pb_row][\/et_pb_section][et_pb_section fb_built=\u00bb1&#8243; _builder_version=\u00bb4.6.0&#8243; _module_preset=\u00bbdefault\u00bb custom_padding=\u00bb45px||45px||true|\u00bb][et_pb_row column_structure=\u00bb1_3,1_3,1_3&#8243; _builder_version=\u00bb4.6.0&#8243; _module_preset=\u00bbdefault\u00bb custom_padding=\u00bb0px|||||\u00bb][et_pb_column type=\u00bb1_3&#8243; _builder_version=\u00bb4.6.0&#8243; _module_preset=\u00bbdefault\u00bb][et_pb_blurb title=\u00bbLIDERAZGO ESCOLAR\u00bb url=\u00bb#\u00bb _builder_version=\u00bb4.6.0&#8243; _module_preset=\u00bbdefault\u00bb header_font_size=\u00bb28px\u00bb link_option_url=\u00bbhttps:\/\/app.hirenimble.com\/jobs\/compassrose\u00bb link_option_url_new_window=\u00bbon\u00bb]<\/p>\n<p><span style=\"font-weight: 400;\">\u00bfEres un educador experimentado listo para llevar tu liderazgo al siguiente nivel? \u00a1Vea nuestras oportunidades de liderazgo escolar!<br \/>\n<\/span><\/p>\n<p><strong><a href=\"https:\/\/app.hirenimble.com\/jobs\/compassrose\" target=\"_blank\" rel=\"noopener noreferrer\">VIEW OPENINGS<\/a><\/strong><\/p>\n<p>[\/et_pb_blurb][\/et_pb_column][et_pb_column type=\u00bb1_3&#8243; _builder_version=\u00bb4.6.0&#8243; _module_preset=\u00bbdefault\u00bb][et_pb_blurb title=\u00bbOperaciones Escolares\u00bb url=\u00bb#\u00bb _builder_version=\u00bb4.6.0&#8243; _module_preset=\u00bbdefault\u00bb header_font_size=\u00bb28px\u00bb link_option_url=\u00bb#\u00bb link_option_url_new_window=\u00bbon\u00bb]<\/p>\n<p>\u00bfEs usted alguien que se preocupa profundamente por apoyar a las escuelas y prioriza el apoyo, la comprensi\u00f3n y el servicio? \u00a1Vea nuestras oportunidades de operaciones escolares!<\/p>\n<p><strong><a href=\"https:\/\/app.hirenimble.com\/jobs\/compassrose\" target=\"_blank\" rel=\"noopener noreferrer\">VIEW OPENINGS<\/a><\/strong><\/p>\n<p>[\/et_pb_blurb][\/et_pb_column][et_pb_column type=\u00bb1_3&#8243; _builder_version=\u00bb4.6.0&#8243; _module_preset=\u00bbdefault\u00bb][et_pb_blurb title=\u00bbEquipo de Red\u00bb url=\u00bb#\u00bb _builder_version=\u00bb4.6.0&#8243; _module_preset=\u00bbdefault\u00bb header_font_size=\u00bb28px\u00bb link_option_url=\u00bb#\u00bb]<\/p>\n<p>\u00bfEres un experto en brindar apoyo de alta calidad a equipos escolares? \u00a1Vea las oportunidades de nuestro equipo de red!\n<\/p>\n<p>[\/et_pb_blurb][\/et_pb_column][\/et_pb_row][et_pb_row column_structure=\u00bb1_3,1_3,1_3&#8243; _builder_version=\u00bb4.6.0&#8243; _module_preset=\u00bbdefault\u00bb][et_pb_column type=\u00bb1_3&#8243; _builder_version=\u00bb4.6.0&#8243; _module_preset=\u00bbdefault\u00bb][et_pb_blurb title=\u00bbParaprofesionales\u00bb url=\u00bb#\u00bb _builder_version=\u00bb4.6.0&#8243; _module_preset=\u00bbdefault\u00bb header_font_size=\u00bb28px\u00bb link_option_url=\u00bb#\u00bb]\u00bfEres alguien a quien le encanta ayudar a los ni\u00f1os a alcanzar su potencial? \u00bfBuscando profundizar su conocimiento de la educaci\u00f3n? \u00a1Vea nuestras oportunidades para profesionales![\/et_pb_blurb][\/et_pb_column][et_pb_column type=\u00bb1_3&#8243; _builder_version=\u00bb4.6.0&#8243; _module_preset=\u00bbdefault\u00bb][et_pb_blurb title=\u00bbPosiciones Para Maestros\u00bb url=\u00bb#\u00bb _builder_version=\u00bb4.6.0&#8243; _module_preset=\u00bbdefault\u00bb header_font_size=\u00bb28px\u00bb link_option_url=\u00bb#\u00bb]<\/p>\n<p><span style=\"font-weight: 400;\">Los grandes maestros hacen grandes escuelas. \u00bfEst\u00e1 emocionado por educar a nuestros futuros l\u00edderes y espera marcar la diferencia? Solicite hoy.<\/span><\/p>\n<p><strong><a href=\"https:\/\/app.hirenimble.com\/jobs\/compassrose\" target=\"_blank\" rel=\"noopener noreferrer\">VIEW OPENINGS<\/a><\/strong><\/p>\n<p>[\/et_pb_blurb][\/et_pb_column][et_pb_column type=\u00bb1_3&#8243; _builder_version=\u00bb4.6.0&#8243; _module_preset=\u00bbdefault\u00bb][et_pb_blurb title=\u00bbPROGRAMA DE RESIDENCIA PARA MAESTROS\u00bb url=\u00bb#\u00bb _builder_version=\u00bb4.6.0&#8243; _module_preset=\u00bbdefault\u00bb header_font_size=\u00bb28px\u00bb link_option_url=\u00bb#\u00bb]<\/p>\n<p><span style=\"font-weight: 400;\">\u00a1\u00danase a nuestro programa de residencia para maestros para adquirir experiencia en el sal\u00f3n de clases y obtener su maestr\u00eda y\/o certificaci\u00f3n de ense\u00f1anza al mismo tiempo!<\/span><\/p>\n<p><strong><a href=\"https:\/\/app.hirenimble.com\/jobs\/compassrose\" target=\"_blank\" rel=\"noopener noreferrer\">VIEW OPENINGS<\/a><\/strong><\/p>\n<p>[\/et_pb_blurb][\/et_pb_column][\/et_pb_row][\/et_pb_section][et_pb_section fb_built=\u00bb1&#8243; _builder_version=\u00bb4.6.0&#8243; _module_preset=\u00bbdefault\u00bb custom_padding=\u00bb0px||0px|||\u00bb][et_pb_row column_structure=\u00bb1_2,1_2&#8243; make_equal=\u00bbon\u00bb _builder_version=\u00bb4.6.0&#8243; _module_preset=\u00bbdefault\u00bb width=\u00bb100%\u00bb max_width=\u00bb100%\u00bb custom_padding=\u00bb0px||0px|||\u00bb hover_enabled=\u00bb0&#8243; sticky_enabled=\u00bb0&#8243;][et_pb_column type=\u00bb1_2&#8243; _builder_version=\u00bb4.6.0&#8243; _module_preset=\u00bbdefault\u00bb background_image=\u00bbhttps:\/\/compassrosepublicschools.org\/wp-content\/uploads\/2022\/04\/20190411-AD3A5226-1024&#215;683.jpg\u00bb hover_enabled=\u00bb0&#8243; sticky_enabled=\u00bb0&#8243;][et_pb_image src=\u00bbhttps:\/\/compassrosepublicschools.org\/wp-content\/uploads\/2022\/04\/20190411-AD3A5226-1024&#215;683.jpg\u00bb title_text=\u00bb20190411-AD3A5226&#8243; force_fullwidth=\u00bbon\u00bb disabled_on=\u00bboff|off|on\u00bb _builder_version=\u00bb4.6.0&#8243; _module_preset=\u00bbdefault\u00bb][\/et_pb_image][\/et_pb_column][et_pb_column type=\u00bb1_2&#8243; _builder_version=\u00bb4.6.0&#8243; _module_preset=\u00bbdefault\u00bb custom_css_main_element=\u00bbMARGIN:AUTO !important;\u00bb][et_pb_text _builder_version=\u00bb4.6.0&#8243; _module_preset=\u00bbdefault\u00bb header_4_font_size=\u00bb36px\u00bb custom_margin=\u00bb83px|||||\u00bb custom_margin_tablet=\u00bb10px||||false|false\u00bb custom_margin_phone=\u00bb\u00bb custom_margin_last_edited=\u00bbon|desktop\u00bb custom_padding=\u00bb||||false|true\u00bb custom_padding_tablet=\u00bb110px|100px||100px|false|true\u00bb custom_padding_phone=\u00bb100px|50px||50px|false|true\u00bb custom_padding_last_edited=\u00bbon|desktop\u00bb]<\/p>\n<h4>LO QUE NUESTRO PERSONAL TIENE QUE DECIR<\/h4>\n<p>[\/et_pb_text][et_pb_testimonial author=\u00bbSan Antonio Educator\u00bb job_title=\u00bbGreat Place to Work Survey\u00bb company_name=\u00bb2022&#8243; quote_icon=\u00bboff\u00bb _builder_version=\u00bb4.6.0&#8243; _module_preset=\u00bbdefault\u00bb body_font_size=\u00bb20px\u00bb author_font=\u00bb||||||||\u00bb background_color=\u00bb#ffffff\u00bb custom_padding=\u00bb0px|200px|125px|3px|false|false\u00bb custom_padding_tablet=\u00bb|100px||100px|false|true\u00bb custom_padding_phone=\u00bb|50px||50px|false|true\u00bb custom_padding_last_edited=\u00bbon|desktop\u00bb]<\/p>\n<p><span style=\"font-weight: 400;\">\u201cEste es realmente un entorno en el que se prioriza la seguridad psicol\u00f3gica: podemos traer nuestro yo aut\u00e9ntico al trabajo todos los d\u00edas porque la direcci\u00f3n ha brindado y creado ese espacio\u201d.<\/span><\/p>\n<p>[\/et_pb_testimonial][\/et_pb_column][\/et_pb_row][\/et_pb_section]<\/p>\n","protected":false},"excerpt":{"rendered":"<p>Carreras ProfesionalesNos Apasionan las Personas Una Organizaci\u00f3n Donde Las Personas Son Primero Ponemos a las personas primero en todo lo que hacemos porque sabemos que trabajar en educaci\u00f3n es dif\u00edcil [&hellip;]<\/p>\n","protected":false},"author":2,"featured_media":0,"parent":0,"menu_order":0,"comment_status":"closed","ping_status":"closed","template":"","meta":{"_acf_changed":false,"_et_pb_use_builder":"on","_et_pb_old_content":"","_et_gb_content_width":"","advgb_blocks_editor_width":"","advgb_blocks_columns_visual_guide":"","footnotes":"","_links_to":"","_links_to_target":""},"class_list":["post-243913","page","type-page","status-publish","hentry"],"acf":[],"coauthors":[],"author_meta":{"author_link":"https:\/\/compassrosepublicschools.org\/es\/author\/mreyes\/","display_name":"Mary Reyes"},"relative_dates":{"created":"Publicado 4 a\u00f1os hace","modified":"Actualizado 4 a\u00f1os hace"},"absolute_dates":{"created":"Publicado el marzo 16, 2022","modified":"Actualizado el junio 14, 2022"},"absolute_dates_time":{"created":"Publicado el marzo 16, 2022 8:39 pm","modified":"Actualizado el junio 14, 2022 5:47 pm"},"featured_img_caption":"","featured_img":false,"series_order":"","_links":{"self":[{"href":"https:\/\/compassrosepublicschools.org\/es\/wp-json\/wp\/v2\/pages\/243913","targetHints":{"allow":["GET"]}}],"collection":[{"href":"https:\/\/compassrosepublicschools.org\/es\/wp-json\/wp\/v2\/pages"}],"about":[{"href":"https:\/\/compassrosepublicschools.org\/es\/wp-json\/wp\/v2\/types\/page"}],"author":[{"embeddable":true,"href":"https:\/\/compassrosepublicschools.org\/es\/wp-json\/wp\/v2\/users\/2"}],"replies":[{"embeddable":true,"href":"https:\/\/compassrosepublicschools.org\/es\/wp-json\/wp\/v2\/comments?post=243913"}],"version-history":[{"count":0,"href":"https:\/\/compassrosepublicschools.org\/es\/wp-json\/wp\/v2\/pages\/243913\/revisions"}],"wp:attachment":[{"href":"https:\/\/compassrosepublicschools.org\/es\/wp-json\/wp\/v2\/media?parent=243913"}],"curies":[{"name":"wp","href":"https:\/\/api.w.org\/{rel}","templated":true}]}}