{"id":243935,"date":"2022-03-16T00:19:15","date_gmt":"2022-03-16T00:19:15","guid":{"rendered":"https:\/\/compassrosepublicschools.org\/inscripcion\/aprendizaje-basado-en-la-naturaleza-y-salud-publica\/"},"modified":"2022-06-15T21:34:19","modified_gmt":"2022-06-15T21:34:19","slug":"aprendizaje-basado-en-la-naturaleza-y-salud-publica","status":"publish","type":"page","link":"https:\/\/compassrosepublicschools.org\/es\/academicos\/aprendizaje-basado-en-la-naturaleza-y-salud-publica\/","title":{"rendered":"Aprendizaje Basado En La Naturaleza Y Salud P\u00fablica"},"content":{"rendered":"<p>[et_pb_section fb_built=\u00bb1&#8243; specialty=\u00bbon\u00bb _builder_version=\u00bb4.6.0&#8243; _module_preset=\u00bbdefault\u00bb custom_padding=\u00bb0px||||false|false\u00bb][et_pb_column type=\u00bb3_4&#8243; specialty_columns=\u00bb3&#8243; _builder_version=\u00bb3.25&#8243; custom_padding=\u00bb|||\u00bb custom_padding__hover=\u00bb|||\u00bb][et_pb_row_inner _builder_version=\u00bb4.6.0&#8243; _module_preset=\u00bbdefault\u00bb custom_padding=\u00bb0px|||||\u00bb][et_pb_column_inner saved_specialty_column_type=\u00bb3_4&#8243; _builder_version=\u00bb4.6.0&#8243; _module_preset=\u00bbdefault\u00bb][et_pb_button button_url=\u00bbhttps:\/\/compassrosepublicschools.org\/es\/inscripcion\/\u00bb button_text=\u00bbRegresar a Estudios Acad\u00e9micos\u00bb button_alignment=\u00bbleft\u00bb _builder_version=\u00bb4.6.0&#8243; _module_preset=\u00bbdefault\u00bb custom_button=\u00bbon\u00bb button_text_color=\u00bb#000000&#8243; button_bg_color=\u00bbrgba(0,0,0,0)\u00bb button_border_width=\u00bb0px\u00bb button_font=\u00bb||||||||\u00bb button_icon=\u00bb%%19%%\u00bb button_icon_color=\u00bb#000000&#8243; button_icon_placement=\u00bbleft\u00bb button_on_hover=\u00bboff\u00bb background_layout=\u00bbdark\u00bb custom_margin=\u00bb|||-3%|false|false\u00bb custom_padding=\u00bb|||0px|false|false\u00bb global_module=\u00bb244114&#8243; button_text_color__hover_enabled=\u00bbon|desktop\u00bb button_text_color__hover=\u00bb#00a9e0&#8243; button_icon_color__hover_enabled=\u00bbon|hover\u00bb button_icon_color__hover=\u00bb#00a9e0&#8243;][\/et_pb_button][et_pb_text _builder_version=\u00bb4.6.0&#8243; _module_preset=\u00bbdefault\u00bb header_4_text_color=\u00bb#00a9e0&#8243; hover_enabled=\u00bb0&#8243; sticky_enabled=\u00bb0&#8243;]<\/p>\n<p style=\"padding-bottom: .58em;\"><span style=\"font-size: 26px; color: #01a9e0;\">Campo de Estudio:<\/span><\/p>\n<h1>APRENDIZAJE BASADO EN LA NATURALEZA Y SALUD P\u00daBLICA<\/h1>\n<p><span style=\"color: #001e60; font-family: century_gothicbold, Arial, sans-serif; font-size: 48px; font-weight: bold; text-transform: uppercase;\"><\/span><\/p>\n<p>En Compass Rose Journey, los estudiantes participan en un aprendizaje pr\u00e1ctico basado en la naturaleza y en la vida real, tanto dentro como fuera del sal\u00f3n, para desarrollar una comprensi\u00f3n profunda de su gran papel de contribuir a una comunidad, un mundo y a su propia persona.<br \/>\n[\/et_pb_text][et_pb_image src=\u00bbhttps:\/\/compassrosepublicschools.org\/wp-content\/uploads\/2022\/03\/cr-academics-nbl-ph.jpg\u00bb title_text=\u00bbcr-academics-nbl-ph\u00bb _builder_version=\u00bb4.6.0&#8243; _module_preset=\u00bbdefault\u00bb][\/et_pb_image][\/et_pb_column_inner][\/et_pb_row_inner][et_pb_row_inner column_structure=\u00bb1_3,1_3,1_3&#8243; _builder_version=\u00bb4.6.0&#8243; _module_preset=\u00bbdefault\u00bb custom_padding=\u00bb0px|||||\u00bb][et_pb_column_inner type=\u00bb1_3&#8243; saved_specialty_column_type=\u00bb3_4&#8243; _builder_version=\u00bb4.6.0&#8243; _module_preset=\u00bbdefault\u00bb][et_pb_blurb image=\u00bbhttps:\/\/compassrosepublicschools.org\/wp-content\/uploads\/2022\/03\/icon-public-health.png\u00bb icon_alignment=\u00bbleft\u00bb _builder_version=\u00bb4.6.0&#8243; _module_preset=\u00bbdefault\u00bb]Los estudiantes toman una clase completa sobre salud p\u00fablica que enfatiza el aprendizaje basado en situaciones reales.[\/et_pb_blurb][\/et_pb_column_inner][et_pb_column_inner type=\u00bb1_3&#8243; saved_specialty_column_type=\u00bb3_4&#8243; _builder_version=\u00bb4.6.0&#8243; _module_preset=\u00bbdefault\u00bb][et_pb_blurb image=\u00bbhttps:\/\/compassrosepublicschools.org\/wp-content\/uploads\/2022\/03\/icon-playground.png\u00bb icon_alignment=\u00bbleft\u00bb _builder_version=\u00bb4.6.0&#8243; _module_preset=\u00bbdefault\u00bb]<\/p>\n<p>Los estudiantes tienen la oportunidad de estar m\u00e1s afuera del sal\u00f3n de clases y jugar como parte de su aprendizaje.<\/p>\n<p>[\/et_pb_blurb][\/et_pb_column_inner][et_pb_column_inner type=\u00bb1_3&#8243; saved_specialty_column_type=\u00bb3_4&#8243; _builder_version=\u00bb4.6.0&#8243; _module_preset=\u00bbdefault\u00bb][et_pb_blurb image=\u00bbhttps:\/\/compassrosepublicschools.org\/wp-content\/uploads\/2022\/03\/icon-community-garden.png\u00bb icon_alignment=\u00bbleft\u00bb _builder_version=\u00bb4.6.0&#8243; _module_preset=\u00bbdefault\u00bb]<\/p>\n<p>Los estudiantes aprenden a comprender las relaciones rec\u00edprocas mediante el mantenimiento de un jard\u00edn comunitario.<\/p>\n<p>[\/et_pb_blurb][\/et_pb_column_inner][\/et_pb_row_inner][\/et_pb_column][et_pb_column type=\u00bb1_4&#8243; _builder_version=\u00bb3.25&#8243; custom_padding=\u00bb|||\u00bb custom_padding__hover=\u00bb|||\u00bb][et_pb_text _builder_version=\u00bb4.6.0&#8243; _module_preset=\u00bbdefault\u00bb custom_margin=\u00bb||11px|||\u00bb border_color_all=\u00bb#bdbdbd\u00bb global_module=\u00bb243949&#8243;]<\/p>\n<h4>Estudios Acad\u00e9micos<\/h4>\n<p>[\/et_pb_text][et_pb_text _builder_version=\u00bb4.6.0&#8243; _module_preset=\u00bbdefault\u00bb header_font=\u00bb|600|||||||\u00bb header_6_text_color=\u00bb#000000&#8243; header_6_font_size=\u00bb13px\u00bb custom_margin=\u00bb0px||0px||false|false\u00bb custom_padding=\u00bb20px||10px|15px|false|false\u00bb border_width_all=\u00bb1px\u00bb border_color_all=\u00bb#bdbdbd\u00bb global_module=\u00bb243943&#8243; saved_tabs=\u00bball\u00bb]<\/p>\n<h6><a href=\"\/es\/inscripcion\/s-t-e-a-m-y-aeronautica\/\" alt=\"Aeronautics Program Page\" title=\"\nS.T.E.A.M. y Aeron\u00e1utica\n\">S.T.E.A.M. y Aeron\u00e1utica<\/a><\/h6>\n<p>[\/et_pb_text][et_pb_text _builder_version=\u00bb4.6.0&#8243; _module_preset=\u00bbdefault\u00bb header_font=\u00bb|600|||||||\u00bb header_6_text_color=\u00bb#000000&#8243; header_6_font_size=\u00bb13px\u00bb custom_margin=\u00bb0px||0px||false|false\u00bb custom_padding=\u00bb20px||10px|15px|false|false\u00bb border_width_all=\u00bb1px\u00bb border_color_all=\u00bb#bdbdbd\u00bb border_width_top=\u00bb0px\u00bb global_module=\u00bb243944&#8243;]<\/p>\n<h6><a href=\"https:\/\/compassrosepublicschools.org\/es\/inscripcion\/emprendimiento\/\" title=\"Emprendimiento\">Emprendimiento<\/a><\/h6>\n<p>[\/et_pb_text][et_pb_text _builder_version=\u00bb4.6.0&#8243; _module_preset=\u00bbdefault\u00bb header_font=\u00bb|600|||||||\u00bb header_6_text_color=\u00bb#000000&#8243; header_6_font_size=\u00bb13px\u00bb custom_margin=\u00bb0px||0px||false|false\u00bb custom_padding=\u00bb20px||10px|15px|false|false\u00bb border_width_all=\u00bb1px\u00bb border_color_all=\u00bb#bdbdbd\u00bb border_width_top=\u00bb0px\u00bb global_module=\u00bb243946&#8243;]<\/p>\n<h6><a href=\"https:\/\/compassrosepublicschools.org\/es\/inscripcion\/ciencias-de-la-computacion\/\" title=\"Ciencias de la Computaci\u00f3n\">Ciencias de la Computaci\u00f3n<\/a><\/h6>\n<p>[\/et_pb_text][et_pb_text _builder_version=\u00bb4.6.0&#8243; _module_preset=\u00bbdefault\u00bb header_font=\u00bb|600|||||||\u00bb header_6_text_color=\u00bb#000000&#8243; header_6_font_size=\u00bb13px\u00bb custom_margin=\u00bb0px||0px||false|false\u00bb custom_padding=\u00bb20px||10px|15px|false|false\u00bb border_width_all=\u00bb1px\u00bb border_color_all=\u00bb#bdbdbd\u00bb border_width_top=\u00bb0px\u00bb global_module=\u00bb243947&#8243;]<\/p>\n<h6><a href=\"https:\/\/compassrosepublicschools.org\/es\/inscripcion\/ciencias-agricolas\/\" title=\"Ciencias Agr\u00edcolas\">Ciencias Agr\u00edcolas<\/a><\/h6>\n<p>[\/et_pb_text][et_pb_text _builder_version=\u00bb4.6.0&#8243; _module_preset=\u00bbdefault\u00bb header_font=\u00bb|600|||||||\u00bb header_6_text_color=\u00bb#000000&#8243; header_6_font_size=\u00bb13px\u00bb custom_margin=\u00bb0px||0px||false|false\u00bb custom_padding=\u00bb20px||10px|15px|false|false\u00bb border_width_all=\u00bb1px\u00bb border_color_all=\u00bb#bdbdbd\u00bb border_width_top=\u00bb0px\u00bb global_module=\u00bb243950&#8243;]<\/p>\n<h6><a href=\"https:\/\/compassrosepublicschools.org\/es\/inscripcion\/aprendizaje-basado-en-la-naturaleza-y-salud-publica\/\" title=\"Aprendizaje basado en la Naturaleza y Salud P\u00fablica\">Aprendizaje basado en la Naturaleza y Salud P\u00fablica <\/a><\/h6>\n<p>[\/et_pb_text][et_pb_text _builder_version=\u00bb4.6.0&#8243; _module_preset=\u00bbdefault\u00bb header_font=\u00bb|600|||||||\u00bb header_6_text_color=\u00bb#000000&#8243; header_6_font_size=\u00bb13px\u00bb custom_margin=\u00bb0px||0px||false|false\u00bb custom_padding=\u00bb20px||10px|15px|false|false\u00bb border_width_all=\u00bb1px\u00bb border_color_all=\u00bb#bdbdbd\u00bb border_width_top=\u00bb0px\u00bb global_module=\u00bb243951&#8243;]<\/p>\n<h6><a href=\"https:\/\/compassrosepublicschools.org\/es\/inscripcion\/medicina\/\" title=\"Medicine\">Medicina<\/a><\/h6>\n<p>[\/et_pb_text][\/et_pb_column][\/et_pb_section][et_pb_section fb_built=\u00bb1&#8243; _builder_version=\u00bb4.6.0&#8243; _module_preset=\u00bbdefault\u00bb custom_padding=\u00bb0px||||false|false\u00bb][et_pb_row _builder_version=\u00bb4.6.0&#8243; _module_preset=\u00bbdefault\u00bb custom_padding=\u00bb0px||||false|false\u00bb][et_pb_column type=\u00bb4_4&#8243; _builder_version=\u00bb4.6.0&#8243; _module_preset=\u00bbdefault\u00bb][et_pb_text _builder_version=\u00bb4.6.0&#8243; _module_preset=\u00bbdefault\u00bb]<\/p>\n<h2>NUESTRO CAMPUS BASADO EN EL APRENDIZAJE DE LA NATURALEZA Y SALUD P\u00daBLICA <\/h2>\n<p>[\/et_pb_text][\/et_pb_column][\/et_pb_row][et_pb_row column_structure=\u00bb1_3,1_3,1_3&#8243; _builder_version=\u00bb4.6.0&#8243; _module_preset=\u00bbdefault\u00bb custom_padding=\u00bb0px||||false|false\u00bb][et_pb_column type=\u00bb1_3&#8243; _builder_version=\u00bb4.6.0&#8243; _module_preset=\u00bbdefault\u00bb][et_pb_image src=\u00bbhttps:\/\/compassrosepublicschools.org\/wp-content\/uploads\/2022\/03\/cr-legacy-journey-web-1.jpg\u00bb title_text=\u00bbcr-legacy-journey-web\u00bb _builder_version=\u00bb4.6.0&#8243; _module_preset=\u00bbdefault\u00bb][\/et_pb_image][et_pb_text _builder_version=\u00bb4.6.0&#8243; _module_preset=\u00bbdefault\u00bb custom_margin=\u00bb||2px|||\u00bb]<\/p>\n<h4 class=\"location-entry-title\"><a href=\"https:\/\/compassrosepublicschools.org\/locations\/journey-campus\/\">COMPASS ROSE JOURNEY CAMPUS<\/a><\/h4>\n<p>100 Crestwind Dr.<br \/>\nWindcrest, TX 78239[\/et_pb_text][et_pb_button button_url=\u00bbhttps:\/\/compassrosepublicschools.org\/es\/locations\/journey-campus\/\u00bb button_text=\u00bbAprende M\u00e1s\u00bb _builder_version=\u00bb4.6.0&#8243; _module_preset=\u00bbdefault\u00bb custom_padding=\u00bb5px|75px|5px|75px|true|true\u00bb][\/et_pb_button][\/et_pb_column][et_pb_column type=\u00bb1_3&#8243; _builder_version=\u00bb4.6.0&#8243; _module_preset=\u00bbdefault\u00bb][\/et_pb_column][et_pb_column type=\u00bb1_3&#8243; _builder_version=\u00bb4.6.0&#8243; _module_preset=\u00bbdefault\u00bb][\/et_pb_column][\/et_pb_row][\/et_pb_section]<\/p>\n","protected":false},"excerpt":{"rendered":"<p>Campo de Estudio: APRENDIZAJE BASADO EN LA NATURALEZA Y SALUD P\u00daBLICA En Compass Rose Journey, los estudiantes participan en un aprendizaje pr\u00e1ctico basado en la naturaleza y en la vida [&hellip;]<\/p>\n","protected":false},"author":2,"featured_media":0,"parent":243930,"menu_order":0,"comment_status":"closed","ping_status":"closed","template":"","meta":{"_acf_changed":false,"_et_pb_use_builder":"on","_et_pb_old_content":"","_et_gb_content_width":"","advgb_blocks_editor_width":"","advgb_blocks_columns_visual_guide":"","footnotes":"","_links_to":"","_links_to_target":""},"class_list":["post-243935","page","type-page","status-publish","hentry"],"acf":[],"coauthors":[],"author_meta":{"author_link":"https:\/\/compassrosepublicschools.org\/es\/author\/mreyes\/","display_name":"Mary Reyes"},"relative_dates":{"created":"Publicado 4 a\u00f1os hace","modified":"Actualizado 4 a\u00f1os hace"},"absolute_dates":{"created":"Publicado el marzo 16, 2022","modified":"Actualizado el junio 15, 2022"},"absolute_dates_time":{"created":"Publicado el marzo 16, 2022 12:19 am","modified":"Actualizado el junio 15, 2022 9:34 pm"},"featured_img_caption":"","featured_img":false,"series_order":"","_links":{"self":[{"href":"https:\/\/compassrosepublicschools.org\/es\/wp-json\/wp\/v2\/pages\/243935","targetHints":{"allow":["GET"]}}],"collection":[{"href":"https:\/\/compassrosepublicschools.org\/es\/wp-json\/wp\/v2\/pages"}],"about":[{"href":"https:\/\/compassrosepublicschools.org\/es\/wp-json\/wp\/v2\/types\/page"}],"author":[{"embeddable":true,"href":"https:\/\/compassrosepublicschools.org\/es\/wp-json\/wp\/v2\/users\/2"}],"replies":[{"embeddable":true,"href":"https:\/\/compassrosepublicschools.org\/es\/wp-json\/wp\/v2\/comments?post=243935"}],"version-history":[{"count":0,"href":"https:\/\/compassrosepublicschools.org\/es\/wp-json\/wp\/v2\/pages\/243935\/revisions"}],"up":[{"embeddable":true,"href":"https:\/\/compassrosepublicschools.org\/es\/wp-json\/wp\/v2\/pages\/243930"}],"wp:attachment":[{"href":"https:\/\/compassrosepublicschools.org\/es\/wp-json\/wp\/v2\/media?parent=243935"}],"curies":[{"name":"wp","href":"https:\/\/api.w.org\/{rel}","templated":true}]}}