{"id":243939,"date":"2022-03-14T23:09:30","date_gmt":"2022-03-14T23:09:30","guid":{"rendered":"https:\/\/compassrosepublicschools.org\/co-diseno-comunitario\/"},"modified":"2022-03-29T21:17:20","modified_gmt":"2022-03-29T21:17:20","slug":"co-diseno-comunitario","status":"publish","type":"page","link":"https:\/\/compassrosepublicschools.org\/es\/co-diseno-comunitario\/","title":{"rendered":"Co-dise\u00f1o Comunitario"},"content":{"rendered":"<p>[et_pb_section fb_built=\u00bb1&#8243; _builder_version=\u00bb4.6.0&#8243; _module_preset=\u00bbdefault\u00bb background_image=\u00bbhttps:\/\/compassrosepublicschools.org\/wp-content\/uploads\/2022\/03\/DSC_2619-1.png\u00bb custom_margin=\u00bb||||false|false\u00bb custom_padding=\u00bb210px||0px|||\u00bb][et_pb_row make_equal=\u00bbon\u00bb _builder_version=\u00bb4.6.0&#8243; _module_preset=\u00bbdefault\u00bb width=\u00bb45%\u00bb width_tablet=\u00bb90%\u00bb width_phone=\u00bb95%\u00bb width_last_edited=\u00bbon|phone\u00bb max_width=\u00bb100%\u00bb module_alignment=\u00bbleft\u00bb custom_margin=\u00bb|auto||auto|false|false\u00bb custom_margin_tablet=\u00bb\u00bb custom_margin_phone=\u00bb\u00bb custom_margin_last_edited=\u00bbon|desktop\u00bb custom_padding=\u00bb40px||0px||false|false\u00bb module_alignment_last_edited=\u00bboff|phone\u00bb][et_pb_column type=\u00bb4_4&#8243; _builder_version=\u00bb4.6.0&#8243; _module_preset=\u00bbdefault\u00bb][et_pb_text _builder_version=\u00bb4.6.0&#8243; _module_preset=\u00bbdefault\u00bb header_font_size=\u00bb50px\u00bb background_color=\u00bb#001e60&#8243; text_orientation=\u00bbcenter\u00bb background_layout=\u00bbdark\u00bb custom_margin=\u00bb||-50px|100px|false|false\u00bb custom_margin_tablet=\u00bb|||auto|false|false\u00bb custom_margin_phone=\u00bb\u00bb custom_margin_last_edited=\u00bbon|tablet\u00bb custom_padding=\u00bb20px||10px||false|false\u00bb]<\/p>\n<h1>Co-dise\u00f1o Comunitario<\/h1>\n<p>[\/et_pb_text][\/et_pb_column][\/et_pb_row][\/et_pb_section][et_pb_section fb_built=\u00bb1&#8243; _builder_version=\u00bb4.6.0&#8243; _module_preset=\u00bbdefault\u00bb][et_pb_row column_structure=\u00bb1_2,1_2&#8243; _builder_version=\u00bb4.6.0&#8243; _module_preset=\u00bbdefault\u00bb][et_pb_column type=\u00bb1_2&#8243; _builder_version=\u00bb4.6.0&#8243; _module_preset=\u00bbdefault\u00bb][et_pb_image src=\u00bbhttps:\/\/compassrosepublicschools.org\/wp-content\/uploads\/2022\/03\/DSC_9473-1.png\u00bb title_text=\u00bbDSC_9473 1&#8243; _builder_version=\u00bb4.6.0&#8243; _module_preset=\u00bbdefault\u00bb][\/et_pb_image][\/et_pb_column][et_pb_column type=\u00bb1_2&#8243; _builder_version=\u00bb4.6.0&#8243; _module_preset=\u00bbdefault\u00bb][et_pb_text _builder_version=\u00bb4.6.0&#8243; _module_preset=\u00bbdefault\u00bb header_4_text_color=\u00bb#00a9e0&#8243;]<\/p>\n<h4>ACERCA DEL CO-DISE\u00d1O COMUNITARIO<br \/>\n<\/h4>\n<h2>PARA LA COMUNIDAD, DE LA COMUNIDAD<\/h2>\n<p>Centramos nuestras comunidades a trav\u00e9s de un proceso de co-dise\u00f1o comunitario que garantiza que los estudiantes, las familias y las partes interesadas de la comunidad nos ayuden a construir la identidad y cultura \u00fanicas de cada escuela. Esto conduce a un programa de estudio significativo y aut\u00e9ntico que se basa en las fortalezas de cada comunidad y los sue\u00f1os de sus residentes.[\/et_pb_text][\/et_pb_column][\/et_pb_row][et_pb_row column_structure=\u00bb1_2,1_2&#8243; _builder_version=\u00bb4.6.0&#8243; _module_preset=\u00bbdefault\u00bb][et_pb_column type=\u00bb1_2&#8243; _builder_version=\u00bb4.6.0&#8243; _module_preset=\u00bbdefault\u00bb][et_pb_text _builder_version=\u00bb4.6.0&#8243; _module_preset=\u00bbdefault\u00bb header_4_text_color=\u00bb#00a9e0&#8243;]<\/p>\n<h4>DE LA COMUNIDAD AL SAL\u00d3N DE CLASES<\/h4>\n<h2>C\u00d3MO APARECE EL CO-DISE\u00d1O COMUNITARIO EN NUESTRAS ESCUELAS<\/h2>\n<p>Nos involucramos con la comunidad regularmente y preguntamos a las familias qu\u00e9 quieren ver de sus graduados. Los escuchamos y tomamos muy en cuenta sus deseos y usamos la informaci\u00f3n que aprendemos para dar forma a nuestras escuelas. Nuestro objetivo es siempre alinear nuestro programa con los deseos de nuestra comunidad.[\/et_pb_text][\/et_pb_column][et_pb_column type=\u00bb1_2&#8243; _builder_version=\u00bb4.6.0&#8243; _module_preset=\u00bbdefault\u00bb][et_pb_image src=\u00bbhttps:\/\/compassrosepublicschools.org\/wp-content\/uploads\/2022\/03\/DSC_2268-1.png\u00bb title_text=\u00bbDSC_2268 1&#8243; _builder_version=\u00bb4.6.0&#8243; _module_preset=\u00bbdefault\u00bb][\/et_pb_image][\/et_pb_column][\/et_pb_row][et_pb_row _builder_version=\u00bb4.6.0&#8243; _module_preset=\u00bbdefault\u00bb][et_pb_column type=\u00bb4_4&#8243; _builder_version=\u00bb4.6.0&#8243; _module_preset=\u00bbdefault\u00bb][et_pb_text _builder_version=\u00bb4.6.0&#8243; _module_preset=\u00bbdefault\u00bb header_4_text_color=\u00bb#00a9e0&#8243; text_orientation=\u00bbcenter\u00bb]<\/p>\n<h4>C\u00d3MO ESTO BENEFICIA A LOS ESTUDIANTES<\/h4>\n<h2> CONECTANDO A LOS ESTUDIANTES CON SU<br \/>\n         COMUNIDAD<br \/>\n<\/h2>\n<p>Cada campus tiene un campo de estudio \u00fanico que est\u00e1 impulsado por el co-dise\u00f1o comunitario que se integra diariamente en los salones de clases, conectando a los estudiantes con socios comunitarios que se especializan en su campo de inter\u00e9s.[\/et_pb_text][\/et_pb_column][\/et_pb_row][et_pb_row column_structure=\u00bb1_3,1_3,1_3&#8243; _builder_version=\u00bb4.6.0&#8243; _module_preset=\u00bbdefault\u00bb][et_pb_column type=\u00bb1_3&#8243; _builder_version=\u00bb4.6.0&#8243; _module_preset=\u00bbdefault\u00bb][et_pb_blurb title=\u00bbSOCIOS COMUNITARIOS ACTUALES\u00bb image=\u00bbhttps:\/\/compassrosepublicschools.org\/wp-content\/uploads\/2022\/03\/cr-ccd-students-1-mobile.jpg\u00bb _builder_version=\u00bb4.6.0&#8243; _module_preset=\u00bbdefault\u00bb hover_enabled=\u00bb0&#8243; title_text=\u00bbcr-ccd-students-1-mobile\u00bb sticky_enabled=\u00bb0&#8243;]\u00a1Actualmente Compass Rose tiene m\u00e1s de 50 socios comunitarios y esa lista sigue creciendo constantemente![\/et_pb_blurb][\/et_pb_column][et_pb_column type=\u00bb1_3&#8243; _builder_version=\u00bb4.6.0&#8243; _module_preset=\u00bbdefault\u00bb][et_pb_blurb title=\u00bbCONVI\u00c9RTETE EN UN SOCIO COMUNITARIO\u00bb image=\u00bbhttps:\/\/compassrosepublicschools.org\/wp-content\/uploads\/2022\/03\/cr-ccd-students-2-mobile.jpg\u00bb _builder_version=\u00bb4.6.0&#8243; _module_preset=\u00bbdefault\u00bb hover_enabled=\u00bb0&#8243; title_text=\u00bbcr-ccd-students-2-mobile\u00bb sticky_enabled=\u00bb0&#8243;]\u00bfSu organizaci\u00f3n est\u00e1 interesada en asociarse con una o todas nuestras escuelas? \u00a1Env\u00ede un correo electr\u00f3nico a  <a href=\"mailto:celeste.brown@compassroseschools.org\">celeste.brown@compassroseschools.org <\/a>  para conectarse![\/et_pb_blurb][\/et_pb_column][et_pb_column type=\u00bb1_3&#8243; _builder_version=\u00bb4.6.0&#8243; _module_preset=\u00bbdefault\u00bb][et_pb_blurb title=\u00bbCONVI\u00c9RTETE EN UN CAMPE\u00d3N COMUNITARIO\u00bb image=\u00bbhttps:\/\/compassrosepublicschools.org\/wp-content\/uploads\/2022\/03\/cr-ccd-students-3-mobile.jpg\u00bb _builder_version=\u00bb4.6.0&#8243; _module_preset=\u00bbdefault\u00bb hover_enabled=\u00bb0&#8243; title_text=\u00bbcr-ccd-students-3-mobile\u00bb sticky_enabled=\u00bb0&#8243;]\u00a1\u00danete a nosotros para promover nuestras escuelas![\/et_pb_blurb][\/et_pb_column][\/et_pb_row][\/et_pb_section]<\/p>\n","protected":false},"excerpt":{"rendered":"<p>Co-dise\u00f1o ComunitarioACERCA DEL CO-DISE\u00d1O COMUNITARIO PARA LA COMUNIDAD, DE LA COMUNIDAD Centramos nuestras comunidades a trav\u00e9s de un proceso de co-dise\u00f1o comunitario que garantiza que los estudiantes, las familias y [&hellip;]<\/p>\n","protected":false},"author":2,"featured_media":0,"parent":0,"menu_order":0,"comment_status":"closed","ping_status":"closed","template":"","meta":{"_acf_changed":false,"_et_pb_use_builder":"on","_et_pb_old_content":"","_et_gb_content_width":"","advgb_blocks_editor_width":"","advgb_blocks_columns_visual_guide":"","footnotes":"","_links_to":"","_links_to_target":""},"class_list":["post-243939","page","type-page","status-publish","hentry"],"acf":[],"coauthors":[],"author_meta":{"author_link":"https:\/\/compassrosepublicschools.org\/es\/author\/mreyes\/","display_name":"Mary Reyes"},"relative_dates":{"created":"Publicado 4 a\u00f1os hace","modified":"Actualizado 4 a\u00f1os hace"},"absolute_dates":{"created":"Publicado el marzo 14, 2022","modified":"Actualizado el marzo 29, 2022"},"absolute_dates_time":{"created":"Publicado el marzo 14, 2022 11:09 pm","modified":"Actualizado el marzo 29, 2022 9:17 pm"},"featured_img_caption":"","featured_img":false,"series_order":"","_links":{"self":[{"href":"https:\/\/compassrosepublicschools.org\/es\/wp-json\/wp\/v2\/pages\/243939","targetHints":{"allow":["GET"]}}],"collection":[{"href":"https:\/\/compassrosepublicschools.org\/es\/wp-json\/wp\/v2\/pages"}],"about":[{"href":"https:\/\/compassrosepublicschools.org\/es\/wp-json\/wp\/v2\/types\/page"}],"author":[{"embeddable":true,"href":"https:\/\/compassrosepublicschools.org\/es\/wp-json\/wp\/v2\/users\/2"}],"replies":[{"embeddable":true,"href":"https:\/\/compassrosepublicschools.org\/es\/wp-json\/wp\/v2\/comments?post=243939"}],"version-history":[{"count":0,"href":"https:\/\/compassrosepublicschools.org\/es\/wp-json\/wp\/v2\/pages\/243939\/revisions"}],"wp:attachment":[{"href":"https:\/\/compassrosepublicschools.org\/es\/wp-json\/wp\/v2\/media?parent=243939"}],"curies":[{"name":"wp","href":"https:\/\/api.w.org\/{rel}","templated":true}]}}