{"id":243940,"date":"2022-03-14T23:29:17","date_gmt":"2022-03-14T23:29:17","guid":{"rendered":"https:\/\/compassrosepublicschools.org\/mision-y-vision\/"},"modified":"2022-06-14T19:29:07","modified_gmt":"2022-06-14T19:29:07","slug":"mision-y-vision","status":"publish","type":"page","link":"https:\/\/compassrosepublicschools.org\/es\/mision-y-vision\/","title":{"rendered":"Misi\u00f3n Y Visi\u00f3n"},"content":{"rendered":"<p>[et_pb_section fb_built=\u00bb1&#8243; _builder_version=\u00bb4.6.0&#8243; _module_preset=\u00bbdefault\u00bb background_image=\u00bbhttps:\/\/compassrosepublicschools.org\/wp-content\/uploads\/2022\/03\/DSC_9477-1.png\u00bb custom_margin=\u00bb||||false|false\u00bb custom_padding=\u00bb210px||0px|||\u00bb][et_pb_row make_equal=\u00bbon\u00bb _builder_version=\u00bb4.6.0&#8243; _module_preset=\u00bbdefault\u00bb width=\u00bb45%\u00bb width_tablet=\u00bb90%\u00bb width_phone=\u00bb95%\u00bb width_last_edited=\u00bbon|phone\u00bb max_width=\u00bb100%\u00bb module_alignment=\u00bbleft\u00bb custom_margin=\u00bb|auto||auto|false|false\u00bb custom_margin_tablet=\u00bb\u00bb custom_margin_phone=\u00bb\u00bb custom_margin_last_edited=\u00bbon|desktop\u00bb custom_padding=\u00bb40px||0px||false|false\u00bb module_alignment_last_edited=\u00bboff|phone\u00bb][et_pb_column type=\u00bb4_4&#8243; _builder_version=\u00bb4.6.0&#8243; _module_preset=\u00bbdefault\u00bb][et_pb_text _builder_version=\u00bb4.6.0&#8243; _module_preset=\u00bbdefault\u00bb header_font_size=\u00bb50px\u00bb background_color=\u00bb#001e60&#8243; text_orientation=\u00bbcenter\u00bb background_layout=\u00bbdark\u00bb custom_margin=\u00bb||-50px|100px|false|false\u00bb custom_margin_tablet=\u00bb|||auto|false|false\u00bb custom_margin_phone=\u00bb\u00bb custom_margin_last_edited=\u00bbon|tablet\u00bb custom_padding=\u00bb20px||10px||false|false\u00bb]<\/p>\n<h1>Misi\u00f3n Y Visi\u00f3n<\/h1>\n<p>[\/et_pb_text][\/et_pb_column][\/et_pb_row][\/et_pb_section][et_pb_section fb_built=\u00bb1&#8243; _builder_version=\u00bb4.6.0&#8243; _module_preset=\u00bbdefault\u00bb custom_padding=\u00bb||60px|||\u00bb][et_pb_row column_structure=\u00bb1_2,1_2&#8243; _builder_version=\u00bb4.6.0&#8243; _module_preset=\u00bbdefault\u00bb custom_padding=\u00bb50px|||||\u00bb][et_pb_column type=\u00bb1_2&#8243; _builder_version=\u00bb4.6.0&#8243; _module_preset=\u00bbdefault\u00bb][et_pb_text _builder_version=\u00bb4.6.0&#8243; _module_preset=\u00bbdefault\u00bb header_4_text_color=\u00bb#00a9e0&#8243; hover_enabled=\u00bb0&#8243; sticky_enabled=\u00bb0&#8243;]<\/p>\n<h2>Nuestra Misi\u00f3n<\/h2>\n<p>&nbsp;<\/p>\n<p>En las Escuelas P\u00fablicas de Compass Rose, el logro acad\u00e9mico junto con el crecimiento personal es nuestro<em> verdadero norte<\/em> &#8211; todo lo que hacemos est\u00e1 orientado en esa direcci\u00f3n.<\/p>\n<p>Estamos decididos a que cada estudiante experimente el \u00e9xito en la escuela, en cada grado y en cada materia, para que puedan estar acad\u00e9micamente preparados para la universidad, la carrera y m\u00e1s all\u00e1.<\/p>\n<p>Al mismo tiempo, apoyamos a nuestros estudiantes a medida que aprenden los rasgos de car\u00e1cter necesarios para ser buenos ciudadanos y defensores efectivos de s\u00ed mismos y de los dem\u00e1s.<\/p>\n<p>[\/et_pb_text][\/et_pb_column][et_pb_column type=\u00bb1_2&#8243; _builder_version=\u00bb4.6.0&#8243; _module_preset=\u00bbdefault\u00bb][et_pb_image src=\u00bbhttps:\/\/compassrosepublicschools.org\/wp-content\/uploads\/2022\/03\/INGEN-ELEM-38-1.png\u00bb title_text=\u00bbINGEN-ELEM-38 1&#8243; force_fullwidth=\u00bbon\u00bb _builder_version=\u00bb4.6.0&#8243; _module_preset=\u00bbdefault\u00bb][\/et_pb_image][\/et_pb_column][\/et_pb_row][et_pb_row column_structure=\u00bb1_2,1_2&#8243; _builder_version=\u00bb4.6.0&#8243; _module_preset=\u00bbdefault\u00bb][et_pb_column type=\u00bb1_2&#8243; _builder_version=\u00bb4.6.0&#8243; _module_preset=\u00bbdefault\u00bb][et_pb_text _builder_version=\u00bb4.6.0&#8243; _module_preset=\u00bbdefault\u00bb header_4_text_color=\u00bb#00a9e0&#8243;]<\/p>\n<h2>Nuestra Visi\u00f3n<\/h2>\n<p>&nbsp;<\/p>\n<p>El acceso a una educaci\u00f3n de clase mundial debe estar disponible para todos. Todos los ni\u00f1os tienen derecho a so\u00f1ar, y todos tienen derecho a perseguir sus sue\u00f1os dondequiera que los lleven. Debemos brindar acceso a una excelente educaci\u00f3n a todos los estudiantes para que puedan perseguir sus sue\u00f1os y explorar sus pasiones. Nuestras escuelas honran la ambici\u00f3n \u00fanica de cada ni\u00f1o en cuanto a alcance e impacto.\n<\/p>\n<p>[\/et_pb_text][\/et_pb_column][et_pb_column type=\u00bb1_2&#8243; _builder_version=\u00bb4.6.0&#8243; _module_preset=\u00bbdefault\u00bb][et_pb_image src=\u00bbhttps:\/\/compassrosepublicschools.org\/wp-content\/uploads\/2022\/03\/CR-Legacy-Elementary-Jan-2022-30-1.png\u00bb title_text=\u00bbCR Legacy Elementary &#8211; Jan 2022-30 1&#8243; _builder_version=\u00bb4.6.0&#8243; _module_preset=\u00bbdefault\u00bb][\/et_pb_image][\/et_pb_column][\/et_pb_row][et_pb_row column_structure=\u00bb3_5,2_5&#8243; use_custom_gutter=\u00bbon\u00bb gutter_width=\u00bb1&#8243; make_equal=\u00bbon\u00bb custom_padding_last_edited=\u00bbon|desktop\u00bb _builder_version=\u00bb4.6.0&#8243; _module_preset=\u00bbdefault\u00bb width=\u00bb100%\u00bb max_width=\u00bb100%\u00bb custom_margin=\u00bb||||false|false\u00bb custom_padding=\u00bb50px||50px||true|false\u00bb custom_padding_tablet=\u00bb0px||0px||true|false\u00bb custom_padding_phone=\u00bb5px||5px||true|false\u00bb][et_pb_column type=\u00bb3_5&#8243; _builder_version=\u00bb4.6.0&#8243; _module_preset=\u00bbdefault\u00bb background_enable_color=\u00bboff\u00bb background_image=\u00bbhttps:\/\/compassrosepublicschools.org\/wp-content\/uploads\/2022\/03\/DSC_2606-1.png\u00bb][et_pb_text _builder_version=\u00bb4.6.0&#8243; _module_preset=\u00bbdefault\u00bb header_3_text_color=\u00bb#ffffff\u00bb header_3_font_size=\u00bb36px\u00bb custom_padding=\u00bb3em|3em||3em|false|true\u00bb custom_padding_tablet=\u00bb80px|65px|350px|65px|false|true\u00bb custom_padding_phone=\u00bb50px||335px||false|true\u00bb custom_padding_last_edited=\u00bbon|phone\u00bb header_3_font_size_tablet=\u00bb\u00bb header_3_font_size_phone=\u00bb24px\u00bb header_3_font_size_last_edited=\u00bbon|phone\u00bb header_3_text_shadow_style=\u00bbpreset1&#8243;]<\/p>\n<h3 style=\"text-align: center;\">Nuestro enfoque para construir grandes escuelas se basa en TRES creencias fundamentales<\/h3>\n<p>[\/et_pb_text][\/et_pb_column][et_pb_column type=\u00bb2_5&#8243; _builder_version=\u00bb4.6.0&#8243; _module_preset=\u00bbdefault\u00bb custom_padding=\u00bb50px|5%||5%|false|true\u00bb][et_pb_blurb use_icon=\u00bbon\u00bb font_icon=\u00bb%%45%%\u00bb icon_color=\u00bb#00a9e0&#8243; icon_placement=\u00bbleft\u00bb _builder_version=\u00bb4.6.0&#8243; _module_preset=\u00bbdefault\u00bb custom_margin=\u00bb35px||50px||false|\u00bb hover_enabled=\u00bb0&#8243; sticky_enabled=\u00bb0&#8243;]<span style=\"font-weight: 400;\">Cada ni\u00f1o puede ir por el camino hacia la universidad, una profesi\u00f3n y una vida de \u00e9xito.<\/span>[\/et_pb_blurb][et_pb_blurb use_icon=\u00bbon\u00bb font_icon=\u00bb%%45%%\u00bb icon_color=\u00bb#00a9e0&#8243; icon_placement=\u00bbleft\u00bb _builder_version=\u00bb4.6.0&#8243; _module_preset=\u00bbdefault\u00bb custom_margin=\u00bb49px||49px||true|\u00bb]Los estudiantes prosperan en un entorno individualizado, estructurado y de apoyo.[\/et_pb_blurb][et_pb_blurb use_icon=\u00bbon\u00bb font_icon=\u00bb%%45%%\u00bb icon_color=\u00bb#00a9e0&#8243; icon_placement=\u00bbleft\u00bb _builder_version=\u00bb4.6.0&#8243; _module_preset=\u00bbdefault\u00bb custom_margin=\u00bb50px||50px||true|\u00bb hover_enabled=\u00bb0&#8243; sticky_enabled=\u00bb0&#8243;]Ense\u00f1ar conocimientos tecnol\u00f3gicos, habilidades de liderazgo, competencia cultural y autonom\u00eda son componentes cr\u00edticos para formar a los l\u00edderes del ma\u00f1ana.[\/et_pb_blurb][\/et_pb_column][\/et_pb_row][et_pb_row _builder_version=\u00bb4.6.0&#8243; _module_preset=\u00bbdefault\u00bb][et_pb_column type=\u00bb4_4&#8243; _builder_version=\u00bb4.6.0&#8243; _module_preset=\u00bbdefault\u00bb][et_pb_text _builder_version=\u00bb4.6.0&#8243; _module_preset=\u00bbdefault\u00bb header_4_text_color=\u00bb#00a9e0&#8243; text_orientation=\u00bbcenter\u00bb]<\/p>\n<h2>NUESTROS VALORES CORRECTOS (R.I.G.H.T)<br \/>\n<\/h2>\n<p>\u00a1Haz lo correcto! El respeto, el ingenio, el crecimiento, la honestidad y el trabajo en equipo son los cimientos para vivir una vida exitosa y satisfactoria. Creemos que ense\u00f1ar a nuestros estudiantes a vivir estos valores todos los d\u00edas, dentro y fuera de la escuela, les ayudar\u00e1 a aprender a tomar posesi\u00f3n de su propia educaci\u00f3n y de sus vidas.[\/et_pb_text][\/et_pb_column][\/et_pb_row][et_pb_row column_structure=\u00bb1_5,1_5,1_5,1_5,1_5&#8243; _builder_version=\u00bb4.6.0&#8243; _module_preset=\u00bbdefault\u00bb][et_pb_column type=\u00bb1_5&#8243; _builder_version=\u00bb4.6.0&#8243; _module_preset=\u00bbdefault\u00bb][et_pb_blurb title=\u00bbRespeto\u00bb image=\u00bbhttps:\/\/compassrosepublicschools.org\/wp-content\/uploads\/2022\/03\/icon-respect.png\u00bb icon_alignment_tablet=\u00bb\u00bb icon_alignment_phone=\u00bbleft\u00bb icon_alignment_last_edited=\u00bbon|phone\u00bb _builder_version=\u00bb4.6.0&#8243; _module_preset=\u00bbdefault\u00bb]<\/p>\n<p><span style=\"font-weight: 400;\">Siempre nos respetamos a nosotros mismos y a los dem\u00e1s. Sabemos que si esperamos respeto de los dem\u00e1s, debemos ser los primeros en demostrarlo.<br \/>\n<\/span><\/p>\n<p>[\/et_pb_blurb][\/et_pb_column][et_pb_column type=\u00bb1_5&#8243; _builder_version=\u00bb4.6.0&#8243; _module_preset=\u00bbdefault\u00bb][et_pb_blurb title=\u00bbIngenio\u00bb image=\u00bbhttps:\/\/compassrosepublicschools.org\/wp-content\/uploads\/2022\/03\/icon-ingenuity.png\u00bb icon_alignment_tablet=\u00bb\u00bb icon_alignment_phone=\u00bbleft\u00bb icon_alignment_last_edited=\u00bbon|phone\u00bb _builder_version=\u00bb4.6.0&#8243; _module_preset=\u00bbdefault\u00bb]Nos desafiamos a nosotros mismos para encontrar nuevas soluciones a los problemas m\u00e1s dif\u00edciles. Siempre agradecemos la oportunidad de pensar creativamente.[\/et_pb_blurb][\/et_pb_column][et_pb_column type=\u00bb1_5&#8243; _builder_version=\u00bb4.6.0&#8243; _module_preset=\u00bbdefault\u00bb][et_pb_blurb title=\u00bbCrecimiento\u00bb image=\u00bbhttps:\/\/compassrosepublicschools.org\/wp-content\/uploads\/2022\/03\/icon-growth.png\u00bb icon_alignment_tablet=\u00bb\u00bb icon_alignment_phone=\u00bbleft\u00bb icon_alignment_last_edited=\u00bbon|phone\u00bb _builder_version=\u00bb4.6.0&#8243; _module_preset=\u00bbdefault\u00bb]Sin duda nos enfrentaremos a la adversidad. Tenemos la fuerza de car\u00e1cter para persistir incluso a trav\u00e9s de los problemas m\u00e1s desafiantes.[\/et_pb_blurb][\/et_pb_column][et_pb_column type=\u00bb1_5&#8243; _builder_version=\u00bb4.6.0&#8243; _module_preset=\u00bbdefault\u00bb][et_pb_blurb title=\u00bbHonestidad\u00bb image=\u00bbhttps:\/\/compassrosepublicschools.org\/wp-content\/uploads\/2022\/03\/icon-honesty.png\u00bb icon_alignment_tablet=\u00bb\u00bb icon_alignment_phone=\u00bbleft\u00bb icon_alignment_last_edited=\u00bbon|phone\u00bb _builder_version=\u00bb4.6.0&#8243; _module_preset=\u00bbdefault\u00bb]Nos esforzamos por ser honestos en todo momento. Sabemos que seremos juzgados por otros en base a nuestra integridad es por eso que nos lo tomamos muy en serio.[\/et_pb_blurb][\/et_pb_column][et_pb_column type=\u00bb1_5&#8243; _builder_version=\u00bb4.6.0&#8243; _module_preset=\u00bbdefault\u00bb][et_pb_blurb title=\u00bbTrabajo en Equipo\u00bb image=\u00bbhttps:\/\/compassrosepublicschools.org\/wp-content\/uploads\/2022\/03\/icon-teamwork.png\u00bb icon_alignment_tablet=\u00bb\u00bb icon_alignment_phone=\u00bbleft\u00bb icon_alignment_last_edited=\u00bbon|phone\u00bb _builder_version=\u00bb4.6.0&#8243; _module_preset=\u00bbdefault\u00bb]Sabemos que somos m\u00e1s fuertes y exitosos cuando trabajamos juntos. Buscamos oportunidades para colaborar y compartir con otros.[\/et_pb_blurb][\/et_pb_column][\/et_pb_row][\/et_pb_section]<\/p>\n","protected":false},"excerpt":{"rendered":"<p>Misi\u00f3n Y Visi\u00f3nNuestra Misi\u00f3n &nbsp; En las Escuelas P\u00fablicas de Compass Rose, el logro acad\u00e9mico junto con el crecimiento personal es nuestro verdadero norte &#8211; todo lo que hacemos est\u00e1 [&hellip;]<\/p>\n","protected":false},"author":2,"featured_media":0,"parent":0,"menu_order":0,"comment_status":"closed","ping_status":"closed","template":"","meta":{"_acf_changed":false,"_et_pb_use_builder":"on","_et_pb_old_content":"","_et_gb_content_width":"","advgb_blocks_editor_width":"","advgb_blocks_columns_visual_guide":"","footnotes":"","_links_to":"","_links_to_target":""},"class_list":["post-243940","page","type-page","status-publish","hentry"],"acf":[],"coauthors":[],"author_meta":{"author_link":"https:\/\/compassrosepublicschools.org\/es\/author\/mreyes\/","display_name":"Mary Reyes"},"relative_dates":{"created":"Publicado 4 a\u00f1os hace","modified":"Actualizado 4 a\u00f1os hace"},"absolute_dates":{"created":"Publicado el marzo 14, 2022","modified":"Actualizado el junio 14, 2022"},"absolute_dates_time":{"created":"Publicado el marzo 14, 2022 11:29 pm","modified":"Actualizado el junio 14, 2022 7:29 pm"},"featured_img_caption":"","featured_img":false,"series_order":"","_links":{"self":[{"href":"https:\/\/compassrosepublicschools.org\/es\/wp-json\/wp\/v2\/pages\/243940","targetHints":{"allow":["GET"]}}],"collection":[{"href":"https:\/\/compassrosepublicschools.org\/es\/wp-json\/wp\/v2\/pages"}],"about":[{"href":"https:\/\/compassrosepublicschools.org\/es\/wp-json\/wp\/v2\/types\/page"}],"author":[{"embeddable":true,"href":"https:\/\/compassrosepublicschools.org\/es\/wp-json\/wp\/v2\/users\/2"}],"replies":[{"embeddable":true,"href":"https:\/\/compassrosepublicschools.org\/es\/wp-json\/wp\/v2\/comments?post=243940"}],"version-history":[{"count":0,"href":"https:\/\/compassrosepublicschools.org\/es\/wp-json\/wp\/v2\/pages\/243940\/revisions"}],"wp:attachment":[{"href":"https:\/\/compassrosepublicschools.org\/es\/wp-json\/wp\/v2\/media?parent=243940"}],"curies":[{"name":"wp","href":"https:\/\/api.w.org\/{rel}","templated":true}]}}