{"id":244058,"date":"2022-03-16T22:36:23","date_gmt":"2022-03-16T22:36:23","guid":{"rendered":"https:\/\/compassrosepublicschools.org\/donaciones\/"},"modified":"2022-06-15T19:06:15","modified_gmt":"2022-06-15T19:06:15","slug":"donaciones","status":"publish","type":"page","link":"https:\/\/compassrosepublicschools.org\/es\/donaciones\/","title":{"rendered":"Donaciones"},"content":{"rendered":"<p>[et_pb_section fb_built=\u00bb1&#8243; _builder_version=\u00bb4.6.0&#8243; _module_preset=\u00bbdefault\u00bb][et_pb_row column_structure=\u00bb3_5,2_5&#8243; make_equal=\u00bbon\u00bb _builder_version=\u00bb4.6.0&#8243; _module_preset=\u00bbdefault\u00bb][et_pb_column type=\u00bb3_5&#8243; _builder_version=\u00bb4.6.0&#8243; _module_preset=\u00bbdefault\u00bb][et_pb_text _builder_version=\u00bb4.6.0&#8243; _module_preset=\u00bbdefault\u00bb header_font_size=\u00bb37px\u00bb header_4_text_color=\u00bb#00a9e0&#8243;]<\/p>\n<h4><b>APOYE A NUESTRO ESTUDIANTES<\/b><\/h4>\n<h1>HAGA UNA DONACI\u00d3N A COMPASS ROSE<\/h1>\n<p>El apoyo de la comunidad es muy importante para el \u00e9xito de nuestras escuelas. Las donativos a nuestro fondo anual brindan a los estudiantes acceso a tecnolog\u00eda avanzada, actividades extracurriculares, suministros para el sal\u00f3n de clases, materiales de instrucci\u00f3n, desarrollo de planes de estudio, excursiones, mejoras en las instalaciones y m\u00e1s.[\/et_pb_text][et_pb_button button_url=\u00bb#\u00bb button_text=\u00bbHaga una donaci\u00f3n a Compass Rose \u00bb _builder_version=\u00bb4.6.0&#8243; _module_preset=\u00bbdefault\u00bb custom_button=\u00bbon\u00bb button_bg_color=\u00bb#ab2328&#8243;][\/et_pb_button][\/et_pb_column][et_pb_column type=\u00bb2_5&#8243; _builder_version=\u00bb4.6.0&#8243; _module_preset=\u00bbdefault\u00bb][et_pb_image src=\u00bbhttps:\/\/compassrosepublicschools.org\/wp-content\/uploads\/2022\/03\/HAndRaise.jpg\u00bb alt=\u00bbStudent Raising Hand In Classroom\u00bb title_text=\u00bbHandRaise\u00bb _builder_version=\u00bb4.6.0&#8243; _module_preset=\u00bbdefault\u00bb][\/et_pb_image][\/et_pb_column][\/et_pb_row][et_pb_row _builder_version=\u00bb4.6.0&#8243; _module_preset=\u00bbdefault\u00bb][et_pb_column type=\u00bb4_4&#8243; _builder_version=\u00bb4.6.0&#8243; _module_preset=\u00bbdefault\u00bb][et_pb_text _builder_version=\u00bb4.6.0&#8243; _module_preset=\u00bbdefault\u00bb header_4_text_color=\u00bb#00a9e0&#8243;]<\/p>\n<h4>\u00bfPOR QU\u00c9 RECAUDAMOS FONDOS?<\/h4>\n<h3><b>AY\u00daDENOS A NIVELAR EL CAMPO DE JUEGO<\/b><\/h3>\n<p style=\"text-align: left;\"><span>Las escuelas p\u00fablicas ch\u00e1rter reciben menos fondos que las escuelas p\u00fablicas tradicionales porque no recibimos d\u00f3lares de los contribuyentes locales. La recaudaci\u00f3n de fondos es necesaria para completar la diferencia de casi $700\u00a0dolares\u00a0en menos fondos por estudiante. Haga clic aqu\u00ed <\/span><a style=\"font-weight: bold;\" href=\"https:\/\/txcharterschools.org\/wp-content\/uploads\/2020\/12\/Charter-Funding-Memo-Final.pdf\"><span style=\"font-weight: 400;\">Click here<\/span><\/a><span style=\"font-weight: 400;\"> para obtener m\u00e1s informaci\u00f3n sobre la financiaci\u00f3n de las escuelas p\u00fablicas ch\u00e1rter.<br \/>\n<\/span><\/p>\n<p>[\/et_pb_text][\/et_pb_column][\/et_pb_row][et_pb_row column_structure=\u00bb1_2,1_2&#8243; _builder_version=\u00bb4.6.0&#8243; _module_preset=\u00bbdefault\u00bb][et_pb_column type=\u00bb1_2&#8243; _builder_version=\u00bb4.6.0&#8243; _module_preset=\u00bbdefault\u00bb][et_pb_text _builder_version=\u00bb4.6.0&#8243; _module_preset=\u00bbdefault\u00bb header_4_font_size=\u00bb25px\u00bb header_5_font=\u00bb||||||||\u00bb header_5_text_color=\u00bb#000000&#8243;]<\/p>\n<h4>FORMAS DE AYUDAR<\/h4>\n<h5>DONAR CON TARJETA DE CR\u00c9DITO<\/h5>\n<p>DHaga una donaci\u00f3n en l\u00ednea haciendo clic<a href=\"https:\/\/donorbox.org\/compass-rose-academy\">aqu\u00ed <\/a>.<\/p>\n<h5>DONACI\u00d3N CON CHEQUE<\/h5>\n<p>Los cheques pueden hacerse a nombre de Compass Rose Public Schools y enviarse por correo a:<\/p>\n<p>Compass Rose Public Schools<br \/>\n3300 Sidney Brooks Dr.<br \/>\nSan Antonio, TX 78235<\/p>\n<h5>FINANC\u00cdE UN PROYECTO DE CLASE<\/h5>\n<p>VVisite DonorsChoose <a href=\"https:\/\/www.donorschoose.org\/donors\/search.html\">aqu\u00ed<\/a>.<br \/>\nEn la barra de b\u00fasqueda, escriba \u00abCompass Rose\u00bb\u201d[\/et_pb_text][\/et_pb_column][et_pb_column type=\u00bb1_2&#8243; _builder_version=\u00bb4.6.0&#8243; _module_preset=\u00bbdefault\u00bb][et_pb_text _builder_version=\u00bb4.6.0&#8243; _module_preset=\u00bbdefault\u00bb header_4_font_size=\u00bb25px\u00bb header_5_font=\u00bb||||||||\u00bb header_5_text_color=\u00bb#000000&#8243;]<\/p>\n<h4>DOBLE SU IMPACTO<br \/>\nIGUALE SU DONACI\u00d3N<\/h4>\n<p><span style=\"font-weight: 400;\">Muchas empresas tienen programas que igualan donativos. Visite su oficina de personal para preguntar si su empresa iguala las donaciones caritativas. Si es as\u00ed, \u00a1llene el formulario correspondiente y entr\u00e9guelo! Luego env\u00ede un correo electr\u00f3nico con el nombre\/contacto de su empresa a <a href=\"mailto:development@compassroseschools.org\">development@compassroseschools.org<\/a>.<\/span>[\/et_pb_text][\/et_pb_column][\/et_pb_row][\/et_pb_section][et_pb_section fb_built=\u00bb1&#8243; _builder_version=\u00bb4.6.0&#8243; _module_preset=\u00bbdefault\u00bb background_image=\u00bbhttps:\/\/compassrosepublicschools.org\/wp-content\/uploads\/2022\/03\/redbanner.png\u00bb custom_padding=\u00bb50px||50px||true|\u00bb hover_enabled=\u00bb0&#8243; title_text=\u00bbredbanner\u00bb sticky_enabled=\u00bb0&#8243;][et_pb_row _builder_version=\u00bb4.6.0&#8243; _module_preset=\u00bbdefault\u00bb][et_pb_column type=\u00bb4_4&#8243; _builder_version=\u00bb4.6.0&#8243; _module_preset=\u00bbdefault\u00bb][et_pb_cta title=\u00bbApoyar a Nuestras Escuelas.\u00bb button_url=\u00bb#\u00bb button_text=\u00bbHAGA UNA DONACI\u00d3N\u00bb _builder_version=\u00bb4.6.0&#8243; _module_preset=\u00bbdefault\u00bb header_level=\u00bbh4&#8243; header_text_align=\u00bbleft\u00bb header_font_size=\u00bb48px\u00bb body_font_size=\u00bb21px\u00bb background_enable_color=\u00bboff\u00bb background_enable_image=\u00bboff\u00bb background_size=\u00bbinitial\u00bb custom_button=\u00bbon\u00bb button_text_color=\u00bb#001e60&#8243; button_bg_color=\u00bb#ffffff\u00bb button_font=\u00bb|700||on|||||\u00bb button_use_icon=\u00bboff\u00bb text_orientation=\u00bbleft\u00bb custom_padding=\u00bb10px||10px||true|false\u00bb]Cada donaci\u00f3n cuenta y contribuye en gran medida a apoyar a nuestras escuelas. Usted tiene el poder de hacer un gran cambio para nuestros estudiantes y maestros.[\/et_pb_cta][\/et_pb_column][\/et_pb_row][\/et_pb_section][et_pb_section fb_built=\u00bb1&#8243; _builder_version=\u00bb4.6.0&#8243; _module_preset=\u00bbdefault\u00bb][et_pb_row column_structure=\u00bb1_2,1_2&#8243; _builder_version=\u00bb4.6.0&#8243; _module_preset=\u00bbdefault\u00bb][et_pb_column type=\u00bb1_2&#8243; _builder_version=\u00bb4.6.0&#8243; _module_preset=\u00bbdefault\u00bb][et_pb_image src=\u00bbhttps:\/\/compassrosepublicschools.org\/wp-content\/uploads\/2022\/03\/DSC_1927-1.png\u00bb title_text=\u00bbDSC_1927 1&#8243; _builder_version=\u00bb4.6.0&#8243; _module_preset=\u00bbdefault\u00bb][\/et_pb_image][\/et_pb_column][et_pb_column type=\u00bb1_2&#8243; _builder_version=\u00bb4.6.0&#8243; _module_preset=\u00bbdefault\u00bb][et_pb_text _builder_version=\u00bb4.6.0&#8243; _module_preset=\u00bbdefault\u00bb]<\/p>\n<h3>Preguntas Frecuentes<\/h3>\n<p>[\/et_pb_text][et_pb_accordion open_toggle_text_color=\u00bb#000000&#8243; open_toggle_background_color=\u00bb#ffffff\u00bb closed_toggle_background_color=\u00bb#ffffff\u00bb icon_color=\u00bb#00a9e0&#8243; use_icon_font_size=\u00bbon\u00bb icon_font_size=\u00bb27px\u00bb _builder_version=\u00bb4.6.0&#8243; _module_preset=\u00bbdefault\u00bb toggle_text_color=\u00bb#000000&#8243; toggle_font_size=\u00bb12px\u00bb border_width_all=\u00bb0px\u00bb box_shadow_style=\u00bbpreset1&#8243; box_shadow_blur=\u00bb20px\u00bb box_shadow_spread=\u00bb-3px\u00bb][et_pb_accordion_item title=\u00bb\u00bfCompass Rose es una organizaci\u00f3n 501(C)3?\u00bb open=\u00bbon\u00bb _builder_version=\u00bb4.6.0&#8243; _module_preset=\u00bbdefault\u00bb]Si. Compass Rose es una organizaci\u00f3n 501(C)3 seg\u00fan lo define el IRS. Por lo tanto, cuando hace una donaci\u00f3n y no recibe nada a cambio de su donaci\u00f3n es elegible para una deducci\u00f3n cuando presente su declaraci\u00f3n de impuestos. El n\u00famero de identificaci\u00f3n fiscal de Compass Rose es 47-5328736.[\/et_pb_accordion_item][et_pb_accordion_item title=\u00bb\u00bfQu\u00e9 parte de mi donaci\u00f3n ir\u00e1 directamente a servir a los estudiantes?\u00bb _builder_version=\u00bb4.6.0&#8243; _module_preset=\u00bbdefault\u00bb open=\u00bboff\u00bb]$0.92 por cada $1.00 va directamente a los salones de clases. Su donaci\u00f3n se utilizar\u00e1 para suministros para el sal\u00f3n de clases, materiales de instrucci\u00f3n, desarrollo de planes de estudios, excursiones, mejoras en las instalaciones y m\u00e1s.[\/et_pb_accordion_item][et_pb_accordion_item title=\u00bb \u00bfPuedo hacer una donaci\u00f3n conmemorativa?\u00bb _builder_version=\u00bb4.6.0&#8243; _module_preset=\u00bbdefault\u00bb open=\u00bboff\u00bb]Si. Cuando muere un ser querido puede solicitar a sus amigos y familiares que hagan un regalo a Compass Rose en lugar de flores. Si desea hacer una donaci\u00f3n conmemorativa, env\u00ede un correo electr\u00f3nico a <a href=\"mailto:development@compassroseschools.org\">development@compassroseschools.org<\/a> para establecer un Fondo Conmemorativo a nombre de su ser querido. Los amigos pueden contribuir en l\u00ednea o con cheque siempre que indiquen el nombre de su ser querido en la nota.[\/et_pb_accordion_item][\/et_pb_accordion][\/et_pb_column][\/et_pb_row][\/et_pb_section]<\/p>\n","protected":false},"excerpt":{"rendered":"<p>APOYE A NUESTRO ESTUDIANTES HAGA UNA DONACI\u00d3N A COMPASS ROSE El apoyo de la comunidad es muy importante para el \u00e9xito de nuestras escuelas. Las donativos a nuestro fondo anual [&hellip;]<\/p>\n","protected":false},"author":2,"featured_media":0,"parent":0,"menu_order":0,"comment_status":"closed","ping_status":"closed","template":"","meta":{"_acf_changed":false,"_et_pb_use_builder":"on","_et_pb_old_content":"","_et_gb_content_width":"","advgb_blocks_editor_width":"","advgb_blocks_columns_visual_guide":"","footnotes":"","_links_to":"","_links_to_target":""},"class_list":["post-244058","page","type-page","status-publish","hentry"],"acf":[],"coauthors":[],"author_meta":{"author_link":"https:\/\/compassrosepublicschools.org\/es\/author\/mreyes\/","display_name":"Mary Reyes"},"relative_dates":{"created":"Publicado 4 a\u00f1os hace","modified":"Actualizado 4 a\u00f1os hace"},"absolute_dates":{"created":"Publicado el marzo 16, 2022","modified":"Actualizado el junio 15, 2022"},"absolute_dates_time":{"created":"Publicado el marzo 16, 2022 10:36 pm","modified":"Actualizado el junio 15, 2022 7:06 pm"},"featured_img_caption":"","featured_img":false,"series_order":"","_links":{"self":[{"href":"https:\/\/compassrosepublicschools.org\/es\/wp-json\/wp\/v2\/pages\/244058","targetHints":{"allow":["GET"]}}],"collection":[{"href":"https:\/\/compassrosepublicschools.org\/es\/wp-json\/wp\/v2\/pages"}],"about":[{"href":"https:\/\/compassrosepublicschools.org\/es\/wp-json\/wp\/v2\/types\/page"}],"author":[{"embeddable":true,"href":"https:\/\/compassrosepublicschools.org\/es\/wp-json\/wp\/v2\/users\/2"}],"replies":[{"embeddable":true,"href":"https:\/\/compassrosepublicschools.org\/es\/wp-json\/wp\/v2\/comments?post=244058"}],"version-history":[{"count":0,"href":"https:\/\/compassrosepublicschools.org\/es\/wp-json\/wp\/v2\/pages\/244058\/revisions"}],"wp:attachment":[{"href":"https:\/\/compassrosepublicschools.org\/es\/wp-json\/wp\/v2\/media?parent=244058"}],"curies":[{"name":"wp","href":"https:\/\/api.w.org\/{rel}","templated":true}]}}