{"id":244059,"date":"2022-03-02T22:36:40","date_gmt":"2022-03-02T22:36:40","guid":{"rendered":"https:\/\/compassrosepublicschools.org\/pagina-de-inicio\/"},"modified":"2022-06-14T21:03:37","modified_gmt":"2022-06-14T21:03:37","slug":"pagina-de-inicio","status":"publish","type":"page","link":"https:\/\/compassrosepublicschools.org\/es\/","title":{"rendered":"P\u00e1gina De Inicio"},"content":{"rendered":"<p>[et_pb_section fb_built=\u00bb1&#8243; fullwidth=\u00bbon\u00bb disabled_on=\u00bbon|on|on\u00bb _builder_version=\u00bb4.6.0&#8243; _module_preset=\u00bbdefault\u00bb disabled=\u00bbon\u00bb][et_pb_fullwidth_slider arrows_custom_color=\u00bb#ffffff\u00bb dot_nav_custom_color=\u00bb#000000&#8243; _builder_version=\u00bb4.6.0&#8243; _module_preset=\u00bbdefault\u00bb header_level=\u00bbh1&#8243; background_enable_image=\u00bboff\u00bb text_orientation=\u00bbleft\u00bb module_alignment=\u00bbleft\u00bb content_width=\u00bb50%\u00bb custom_margin=\u00bb||||false|false\u00bb custom_padding=\u00bb175px|||||\u00bb][et_pb_slide heading=\u00bbNavegue las grandes oportunidades de la vida\u00bb use_bg_overlay=\u00bboff\u00bb use_text_overlay=\u00bbon\u00bb text_border_radius=\u00bb0px\u00bb _builder_version=\u00bb4.6.0&#8243; _module_preset=\u00bbdefault\u00bb background_image=\u00bbhttps:\/\/compassrosepublicschools.org\/wp-content\/uploads\/2022\/03\/Placeholder-Image.png\u00bb background_enable_image=\u00bbon\u00bb parallax=\u00bbon\u00bb text_orientation=\u00bbleft\u00bb background_layout=\u00bblight\u00bb custom_padding=\u00bb||||false|false\u00bb sticky_transition=\u00bbon\u00bb]Somos una red de escuelas gratuitas de inscripci\u00f3n abierta dedicadas a garantizar que cada ni\u00f1o pueda navegar con \u00e9xito las mayores oportunidades de la vida a trav\u00e9s del rigor acad\u00e9mico y el desarrollo del car\u00e1cter.[\/et_pb_slide][et_pb_slide heading=\u00bbNavegue las grandes oportunidades de la vida\u00bb use_bg_overlay=\u00bboff\u00bb use_text_overlay=\u00bbon\u00bb text_border_radius=\u00bb0px\u00bb _builder_version=\u00bb4.6.0&#8243; _module_preset=\u00bbdefault\u00bb background_image=\u00bbhttps:\/\/compassrosepublicschools.org\/wp-content\/uploads\/2022\/03\/DSC_9473-1.png\u00bb background_enable_image=\u00bbon\u00bb parallax=\u00bbon\u00bb text_orientation=\u00bbleft\u00bb background_layout=\u00bblight\u00bb custom_padding=\u00bb||||false|false\u00bb sticky_transition=\u00bbon\u00bb]Somos una red de escuelas gratuitas de inscripci\u00f3n abierta dedicadas a garantizar que cada ni\u00f1o pueda navegar con \u00e9xito las mayores oportunidades de la vida a trav\u00e9s del rigor acad\u00e9mico y el desarrollo del car\u00e1cter.[\/et_pb_slide][\/et_pb_fullwidth_slider][\/et_pb_section][et_pb_section fb_built=\u00bb1&#8243; fullwidth=\u00bbon\u00bb disabled_on=\u00bboff|off|off\u00bb _builder_version=\u00bb4.6.0&#8243; _module_preset=\u00bbdefault\u00bb background_image=\u00bbhttps:\/\/compassrosepublicschools.org\/wp-content\/uploads\/2022\/03\/Placeholder-Image.png\u00bb parallax=\u00bbon\u00bb min_height=\u00bb500px\u00bb custom_margin=\u00bb0px||0px||true|false\u00bb custom_padding=\u00bb0px||0px||true|false\u00bb][et_pb_fullwidth_header title=\u00bbNavegue las grandes oportunidades de la vida\u00bb _builder_version=\u00bb4.6.0&#8243; _module_preset=\u00bbdefault\u00bb title_text_color=\u00bb#001e60&#8243; title_font_size=\u00bb59px\u00bb content_text_color=\u00bb#000000&#8243; content_font_size=\u00bb18px\u00bb content_line_height=\u00bb2em\u00bb background_color=\u00bb#ffffff\u00bb background_enable_image=\u00bboff\u00bb positioning=\u00bbabsolute\u00bb position_origin_a=\u00bbbottom_left\u00bb width=\u00bb50%\u00bb custom_margin=\u00bb0px|0px|0px|0px|false|true\u00bb custom_padding=\u00bb30px|0px|30px|0px|true|true\u00bb]Somos una red de escuelas gratuitas de inscripci\u00f3n abierta dedicadas a garantizar que cada ni\u00f1o pueda navegar con \u00e9xito las mayores oportunidades de la vida a trav\u00e9s del rigor acad\u00e9mico y el desarrollo del car\u00e1cter.[\/et_pb_fullwidth_header][\/et_pb_section][et_pb_section fb_built=\u00bb1&#8243; _builder_version=\u00bb4.6.0&#8243; _module_preset=\u00bbdefault\u00bb background_color=\u00bb#001e60&#8243; custom_padding=\u00bb20px||20px||false|false\u00bb][et_pb_row column_structure=\u00bb1_3,1_3,1_3&#8243; _builder_version=\u00bb4.6.0&#8243; _module_preset=\u00bbdefault\u00bb width=\u00bb100%\u00bb max_width=\u00bb100%\u00bb custom_margin=\u00bb|15px||15px|false|true\u00bb custom_padding=\u00bb|50px||50px|false|true\u00bb][et_pb_column type=\u00bb1_3&#8243; _builder_version=\u00bb4.6.0&#8243; _module_preset=\u00bbdefault\u00bb][et_pb_blurb title=\u00bbTransporte Gratuito\u00bb image=\u00bbhttps:\/\/compassrosepublicschools.org\/wp-content\/uploads\/2022\/03\/Frame-3.png\u00bb icon_placement=\u00bbleft\u00bb _builder_version=\u00bb4.6.0&#8243; _module_preset=\u00bbdefault\u00bb header_text_color=\u00bb#00a9e0&#8243; body_text_color=\u00bb#ffffff\u00bb body_font_size=\u00bb18px\u00bb custom_css_blurb_image=\u00bbwidth:40px;||height:40px;\u00bb]El acceso importa. Brindamos transporte gratuito en las comunidades a las que servimos.[\/et_pb_blurb][\/et_pb_column][et_pb_column type=\u00bb1_3&#8243; _builder_version=\u00bb4.6.0&#8243; _module_preset=\u00bbdefault\u00bb][et_pb_blurb title=\u00bbComunidad Primero\u00bb image=\u00bbhttps:\/\/compassrosepublicschools.org\/wp-content\/uploads\/2022\/03\/Frame-4.png\u00bb icon_placement=\u00bbleft\u00bb _builder_version=\u00bb4.6.0&#8243; _module_preset=\u00bbdefault\u00bb header_text_color=\u00bb#00a9e0&#8243; body_text_color=\u00bb#ffffff\u00bb body_font_size=\u00bb18px\u00bb custom_css_blurb_image=\u00bbwidth:40px;||height:40px;\u00bb]Ponemos a la comunidad primero, celebrando las fortalezas \u00fanicas de nuestras comunidades.[\/et_pb_blurb][\/et_pb_column][et_pb_column type=\u00bb1_3&#8243; _builder_version=\u00bb4.6.0&#8243; _module_preset=\u00bbdefault\u00bb][et_pb_blurb title=\u00bbRigorosa Educaci\u00f3n Acad\u00e9mica con un Gran Apoyo\u00bb image=\u00bbhttps:\/\/compassrosepublicschools.org\/wp-content\/uploads\/2022\/03\/Frame-5.png\u00bb icon_placement=\u00bbleft\u00bb _builder_version=\u00bb4.6.0&#8243; _module_preset=\u00bbdefault\u00bb header_text_color=\u00bb#00a9e0&#8243; body_text_color=\u00bb#ffffff\u00bb body_font_size=\u00bb18px\u00bb custom_css_blurb_image=\u00bbwidth:40px;||height:40px;\u00bb]Todos los estudiantes pueden tener \u00e9xito cuando tienen retos y apoyo por educadores innovadores.[\/et_pb_blurb][\/et_pb_column][\/et_pb_row][\/et_pb_section][et_pb_section fb_built=\u00bb1&#8243; _builder_version=\u00bb4.6.0&#8243; _module_preset=\u00bbdefault\u00bb][et_pb_row column_structure=\u00bb1_2,1_2&#8243; make_equal=\u00bbon\u00bb _builder_version=\u00bb4.6.0&#8243; _module_preset=\u00bbdefault\u00bb][et_pb_column type=\u00bb1_2&#8243; _builder_version=\u00bb4.6.0&#8243; _module_preset=\u00bbdefault\u00bb custom_css_main_element=\u00bbmargin:auto;\u00bb][et_pb_image src=\u00bbhttps:\/\/compassrosepublicschools.org\/wp-content\/uploads\/2022\/03\/Placeholder-Image-2.png\u00bb title_text=\u00bbPlaceholder Image\u00bb _builder_version=\u00bb4.6.0&#8243; _module_preset=\u00bbdefault\u00bb][\/et_pb_image][\/et_pb_column][et_pb_column type=\u00bb1_2&#8243; _builder_version=\u00bb4.6.0&#8243; _module_preset=\u00bbdefault\u00bb custom_padding=\u00bb20px|20px|20px|20px|true|true\u00bb custom_css_main_element=\u00bbmargin:auto !important;\u00bb][et_pb_text _builder_version=\u00bb4.6.0&#8243; _module_preset=\u00bbdefault\u00bb text_text_color=\u00bb#000000&#8243; text_font_size=\u00bb18px\u00bb text_line_height=\u00bb1.5em\u00bb header_text_color=\u00bb#001e60&#8243; header_font_size=\u00bb48px\u00bb header_2_font_size=\u00bb48px\u00bb hover_enabled=\u00bb0&#8243; sticky_enabled=\u00bb0&#8243;]<\/p>\n<h3 style=\"padding-bottom: 30px;\">Escuelas En Las Que Familias Conf\u00edan<\/h3>\n<p>Las comunidades en las que trabajamos son ricas en cultura y crisoles de ideas y oportunidades. Nuestros estudiantes celebran este legado mientras abren sus propios caminos hacia un futuro m\u00e1s grande y brillante. Nos asociamos con nuestras familias y comunidades para asegurarnos de que somos escuelas en las que las familias conf\u00edan.[\/et_pb_text][et_pb_button button_text=\u00bbAprenda M\u00e1s\u00bb _builder_version=\u00bb4.6.0&#8243; _module_preset=\u00bbdefault\u00bb custom_button=\u00bbon\u00bb button_font=\u00bb|700|||||||\u00bb button_use_icon=\u00bboff\u00bb custom_padding=\u00bb5px|40px|5px|40px|true|true\u00bb][\/et_pb_button][\/et_pb_column][\/et_pb_row][et_pb_row column_structure=\u00bb1_2,1_2&#8243; make_equal=\u00bbon\u00bb _builder_version=\u00bb4.6.0&#8243; _module_preset=\u00bbdefault\u00bb][et_pb_column type=\u00bb1_2&#8243; _builder_version=\u00bb4.6.0&#8243; _module_preset=\u00bbdefault\u00bb custom_padding=\u00bb20px|20px|20px|20px|true|true\u00bb custom_css_main_element=\u00bbmargin:auto !important;\u00bb][et_pb_text _builder_version=\u00bb4.6.0&#8243; _module_preset=\u00bbdefault\u00bb text_text_color=\u00bb#000000&#8243; text_font_size=\u00bb18px\u00bb text_line_height=\u00bb1.5em\u00bb header_text_color=\u00bb#001e60&#8243; header_font_size=\u00bb45px\u00bb header_2_font_size=\u00bb48px\u00bb hover_enabled=\u00bb0&#8243; sticky_enabled=\u00bb0&#8243;]<\/p>\n<h3 style=\"padding-bottom: 30px;\">Accesibilidad para TODOS<br \/>\nProgramas Especiales<\/h3>\n<p>Todos los estudiantes merecen tener acceso a una excelente educaci\u00f3n. Desde nuestro programa de educaci\u00f3n especial PAICE (Pr\u00e1ctica Acad\u00e9mica, Independencia y Exploraci\u00f3n Comunitaria) hasta nuestro programa Emergente Biling\u00fce, nos encontramos con los estudiantes en donde sea que est\u00e9n en su viaje de aprendizaje.[\/et_pb_text][et_pb_button button_text=\u00bbAprenda M\u00e1s\u00bb _builder_version=\u00bb4.6.0&#8243; _module_preset=\u00bbdefault\u00bb custom_button=\u00bbon\u00bb button_font=\u00bb|700|||||||\u00bb button_use_icon=\u00bboff\u00bb custom_padding=\u00bb5px|40px|5px|40px|true|true\u00bb][\/et_pb_button][\/et_pb_column][et_pb_column type=\u00bb1_2&#8243; _builder_version=\u00bb4.6.0&#8243; _module_preset=\u00bbdefault\u00bb custom_css_main_element=\u00bbmargin:auto;\u00bb][et_pb_image src=\u00bbhttps:\/\/compassrosepublicschools.org\/wp-content\/uploads\/2022\/03\/Placeholder-Image-1.png\u00bb title_text=\u00bbPlaceholder Image (1)\u00bb _builder_version=\u00bb4.6.0&#8243; _module_preset=\u00bbdefault\u00bb][\/et_pb_image][\/et_pb_column][\/et_pb_row][\/et_pb_section][et_pb_section fb_built=\u00bb1&#8243; admin_label=\u00bbCarousel Slider\u00bb _builder_version=\u00bb4.6.0&#8243; _module_preset=\u00bbdefault\u00bb background_enable_color=\u00bboff\u00bb background_enable_image=\u00bboff\u00bb background_size=\u00bbcontain\u00bb background_position=\u00bbtop_left\u00bb background_blend=\u00bbmultiply\u00bb custom_padding=\u00bb0px||5px|||\u00bb][et_pb_row custom_padding_last_edited=\u00bbon|desktop\u00bb admin_label=\u00bbHeading\u00bb _builder_version=\u00bb4.6.0&#8243; _module_preset=\u00bbdefault\u00bb custom_padding=\u00bb|150px|5px|150px|false|false\u00bb custom_padding_tablet=\u00bb|0px|15px|0px|false|false\u00bb custom_padding_phone=\u00bb||5px||false|false\u00bb collapsed=\u00bbon\u00bb][et_pb_column type=\u00bb4_4&#8243; _builder_version=\u00bb4.10.4&#8243; _module_preset=\u00bbdefault\u00bb][et_pb_text _builder_version=\u00bb4.6.0&#8243; _module_preset=\u00bbdefault\u00bb text_text_color=\u00bb#00a9e0&#8243; text_font_size=\u00bb21px\u00bb text_line_height=\u00bb2em\u00bb header_2_font_size=\u00bb48px\u00bb header_3_font_size=\u00bb35px\u00bb text_orientation=\u00bbcenter\u00bb max_width=\u00bb760px\u00bb module_alignment=\u00bbcenter\u00bb hover_enabled=\u00bb0&#8243; text_font_size_tablet=\u00bb\u00bb text_font_size_phone=\u00bb14px\u00bb text_font_size_last_edited=\u00bbon|phone\u00bb header_2_font_size_tablet=\u00bb\u00bb header_2_font_size_phone=\u00bb30px\u00bb header_2_font_size_last_edited=\u00bbon|phone\u00bb sticky_enabled=\u00bb0&#8243;]Campos de Estudio Impulsados \u200b\u200bpor la Comunidad<\/p>\n<h3>V\u00cdAS ACAD\u00c9MICAS HACIA FUTURAS OPORTUNIDADES<\/h3>\n<p>[\/et_pb_text][et_pb_code admin_label=\u00bb*** CSS Code ***\u00bb _builder_version=\u00bb4.14.7&#8243; _module_preset=\u00bbdefault\u00bb][\/et_pb_code][\/et_pb_column][\/et_pb_row][et_pb_row admin_label=\u00bbSlider\u00bb module_class=\u00bbdp-carousel\u00bb _builder_version=\u00bb4.6.0&#8243; _module_preset=\u00bbdefault\u00bb custom_padding=\u00bb0px||0px|||\u00bb collapsed=\u00bboff\u00bb][et_pb_column type=\u00bb4_4&#8243; module_class=\u00bbswiper-wrapper\u00bb _builder_version=\u00bb4.6.0&#8243; _module_preset=\u00bbdefault\u00bb][et_pb_blurb title=\u00bbS.T.E.M. y Aeron\u00e1utica\u00bb url=\u00bb#\u00bb image=\u00bbhttps:\/\/compassrosepublicschools.org\/wp-content\/uploads\/2022\/03\/Placeholder-Image-2-1.png\u00bb admin_label=\u00bbSlide 1&#8243; module_class=\u00bbswiper-slide\u00bb _builder_version=\u00bb4.6.0&#8243; _module_preset=\u00bbdefault\u00bb header_text_align=\u00bbcenter\u00bb header_text_color=\u00bb#001e60&#8243; body_line_height=\u00bb1.5em\u00bb background_enable_image=\u00bboff\u00bb custom_margin=\u00bb||||false|false\u00bb custom_padding_tablet=\u00bb220px|30px|30px|30px|false|false\u00bb custom_padding_phone=\u00bb200px|20px|20px|20px|false|false\u00bb custom_padding_last_edited=\u00bboff|desktop\u00bb header_font_size_tablet=\u00bb26px\u00bb header_font_size_phone=\u00bb22px\u00bb header_font_size_last_edited=\u00bbon|phone\u00bb body_font_size_tablet=\u00bb\u00bb body_font_size_phone=\u00bb12px\u00bb body_font_size_last_edited=\u00bbon|phone\u00bb body_line_height_tablet=\u00bb\u00bb body_line_height_phone=\u00bb\u00bb body_line_height_last_edited=\u00bbon|desktop\u00bb custom_css_main_element=\u00bbbackground-size: 100%;||transition: all .5s;\u00bb custom_css_blurb_title=\u00bbbackground-color: white;\u00bb custom_css_blurb_content=\u00bbbackground-color: white;||padding: 30px 1.5vw;\u00bb box_shadow_style=\u00bbpreset1&#8243; box_shadow_vertical=\u00bb0px\u00bb custom_css_main_element__hover_enabled=\u00bbon|desktop\u00bb custom_css_main_element__hover=\u00bbbackground-size: 105%;||transition: all .5s;\u00bb custom_css_blurb_content_last_edited=\u00bbon|phone\u00bb custom_css_blurb_content_tablet=\u00bbbackground-color: white;||padding: 30px 4vw;\u00bb custom_css_blurb_content_phone=\u00bbbackground-color: white;||padding: 30px 4vw;\u00bb]<\/p>\n<p style=\"text-align: center;\">Construir una base s\u00f3lida en ciencia, tecnolog\u00eda, ingenier\u00eda, arte y matem\u00e1ticas para introducir a los estudiantes a la aeron\u00e1utica y la rob\u00f3tica.<\/p>\n<p style=\"text-align: center;\"><a href=\"#\">Aprenda M\u00e1s<\/a><\/p>\n<p>[\/et_pb_blurb][et_pb_blurb title=\u00bb Ciencias de la computaci\u00f3n\u00bb url=\u00bb#\u00bb image=\u00bbhttps:\/\/compassrosepublicschools.org\/wp-content\/uploads\/2022\/03\/Placeholder-Image-4.png\u00bb admin_label=\u00bbSlide 1&#8243; module_class=\u00bbswiper-slide\u00bb _builder_version=\u00bb4.6.0&#8243; _module_preset=\u00bbdefault\u00bb header_text_align=\u00bbcenter\u00bb header_text_color=\u00bb#001e60&#8243; body_line_height=\u00bb1.5em\u00bb background_enable_image=\u00bboff\u00bb custom_margin=\u00bb||||false|false\u00bb custom_padding_tablet=\u00bb220px|30px|30px|30px|false|false\u00bb custom_padding_phone=\u00bb200px|20px|20px|20px|false|false\u00bb custom_padding_last_edited=\u00bboff|desktop\u00bb header_font_size_tablet=\u00bb26px\u00bb header_font_size_phone=\u00bb22px\u00bb header_font_size_last_edited=\u00bbon|phone\u00bb body_font_size_tablet=\u00bb\u00bb body_font_size_phone=\u00bb12px\u00bb body_font_size_last_edited=\u00bbon|phone\u00bb body_line_height_tablet=\u00bb\u00bb body_line_height_phone=\u00bb\u00bb body_line_height_last_edited=\u00bbon|desktop\u00bb custom_css_main_element=\u00bbbackground-size: 100%;||transition: all .5s;\u00bb custom_css_blurb_title=\u00bbbackground-color: white;\u00bb custom_css_blurb_content=\u00bbbackground-color: white;||padding: 30px 1.5vw;\u00bb box_shadow_style=\u00bbpreset1&#8243; box_shadow_vertical=\u00bb0px\u00bb custom_css_main_element__hover_enabled=\u00bbon|desktop\u00bb custom_css_main_element__hover=\u00bbbackground-size: 105%;||transition: all .5s;\u00bb custom_css_blurb_content_last_edited=\u00bbon|phone\u00bb custom_css_blurb_content_tablet=\u00bbbackground-color: white;||padding: 30px 4vw;\u00bb custom_css_blurb_content_phone=\u00bbbackground-color: white;||padding: 30px 4vw;\u00bb]<\/p>\n<p style=\"text-align: center;\">Preparar a los estudiantes para carreras en tecnolog\u00eda a medida que el campo de la tecnolog\u00eda crece en nuestra comunidad.<\/p>\n<p style=\"text-align: center;\"><a href=\"#\">Aprenda M\u00e1s<\/a><\/p>\n<p>[\/et_pb_blurb][et_pb_blurb title=\u00bbEmprendimiento\u00bb url=\u00bb#\u00bb image=\u00bbhttps:\/\/compassrosepublicschools.org\/wp-content\/uploads\/2022\/03\/Placeholder-Image-3.png\u00bb admin_label=\u00bbSlide 1&#8243; module_class=\u00bbswiper-slide\u00bb _builder_version=\u00bb4.6.0&#8243; _module_preset=\u00bbdefault\u00bb header_text_align=\u00bbcenter\u00bb header_text_color=\u00bb#001e60&#8243; body_line_height=\u00bb1.5em\u00bb background_enable_image=\u00bboff\u00bb custom_margin=\u00bb||||false|false\u00bb custom_padding_tablet=\u00bb220px|30px|30px|30px|false|false\u00bb custom_padding_phone=\u00bb200px|20px|20px|20px|false|false\u00bb custom_padding_last_edited=\u00bboff|desktop\u00bb header_font_size_tablet=\u00bb26px\u00bb header_font_size_phone=\u00bb22px\u00bb header_font_size_last_edited=\u00bbon|phone\u00bb body_font_size_tablet=\u00bb\u00bb body_font_size_phone=\u00bb12px\u00bb body_font_size_last_edited=\u00bbon|phone\u00bb body_line_height_tablet=\u00bb\u00bb body_line_height_phone=\u00bb\u00bb body_line_height_last_edited=\u00bbon|desktop\u00bb custom_css_main_element=\u00bbbackground-size: 100%;||transition: all .5s;\u00bb custom_css_blurb_title=\u00bbbackground-color: white;\u00bb custom_css_blurb_content=\u00bbbackground-color: white;||padding: 30px 1.5vw;\u00bb box_shadow_style=\u00bbpreset1&#8243; box_shadow_vertical=\u00bb0px\u00bb custom_css_main_element__hover_enabled=\u00bbon|desktop\u00bb custom_css_main_element__hover=\u00bbbackground-size: 105%;||transition: all .5s;\u00bb custom_css_blurb_content_last_edited=\u00bbon|phone\u00bb custom_css_blurb_content_tablet=\u00bbbackground-color: white;||padding: 30px 4vw;\u00bb custom_css_blurb_content_phone=\u00bbbackground-color: white;||padding: 30px 4vw;\u00bb]<\/p>\n<p style=\"text-align: center;\">Equipar a los estudiantes con las herramientas para convertirse en due\u00f1os de negocios y conectarlos con l\u00edderes de la comunidad para construir su red desde el principio.<\/p>\n<p style=\"text-align: center;\"><a href=\"#\">Aprenda M\u00e1s<\/a><\/p>\n<p>[\/et_pb_blurb][\/et_pb_column][\/et_pb_row][\/et_pb_section][et_pb_section fb_built=\u00bb1&#8243; _builder_version=\u00bb4.6.0&#8243; _module_preset=\u00bbdefault\u00bb background_color=\u00bb#00a9e0&#8243; background_image=\u00bbhttps:\/\/compassrosepublicschools.org\/wp-content\/uploads\/2022\/03\/Frame-29.png\u00bb custom_padding=\u00bb2px||0px|||\u00bb][et_pb_row _builder_version=\u00bb4.6.0&#8243; _module_preset=\u00bbdefault\u00bb custom_padding=\u00bb0px||0px|||\u00bb][et_pb_column type=\u00bb4_4&#8243; _builder_version=\u00bb4.6.0&#8243; _module_preset=\u00bbdefault\u00bb][et_pb_cta title=\u00bbESCUELAS P\u00daBLICAS INNOVADORAS Y GRATUITAS\u00bb button_url=\u00bb#\u00bb button_text=\u00bbENCUENTRA TU ESCUELA\u00bb _builder_version=\u00bb4.6.0&#8243; _module_preset=\u00bbdefault\u00bb header_level=\u00bbh4&#8243; header_text_align=\u00bbleft\u00bb header_font_size=\u00bb48px\u00bb body_font_size=\u00bb21px\u00bb background_enable_color=\u00bboff\u00bb background_enable_image=\u00bboff\u00bb background_size=\u00bbinitial\u00bb custom_button=\u00bbon\u00bb button_text_color=\u00bb#001e60&#8243; button_bg_color=\u00bb#ffffff\u00bb button_border_width=\u00bb0px\u00bb button_font=\u00bb|700||on|||||\u00bb button_use_icon=\u00bboff\u00bb text_orientation=\u00bbleft\u00bb custom_padding=\u00bb50px||50px||true|false\u00bb]Le damos prioridad al crecimiento personal de nuestros estudiantes tanto como priorizamos los acad\u00e9micos de clase mundial, ayud\u00e1ndolos a convertirse en defensores efectivos de s\u00ed mismos y de los dem\u00e1s.[\/et_pb_cta][\/et_pb_column][\/et_pb_row][\/et_pb_section][et_pb_section fb_built=\u00bb1&#8243; _builder_version=\u00bb4.6.0&#8243; _module_preset=\u00bbdefault\u00bb custom_padding=\u00bb0px||0px|||\u00bb][et_pb_row column_structure=\u00bb1_2,1_2&#8243; use_custom_gutter=\u00bbon\u00bb gutter_width=\u00bb1&#8243; make_equal=\u00bbon\u00bb _builder_version=\u00bb4.6.0&#8243; _module_preset=\u00bbdefault\u00bb width=\u00bb100%\u00bb max_width=\u00bb100%\u00bb custom_padding=\u00bb0px||0px|||\u00bb][et_pb_column type=\u00bb1_2&#8243; _builder_version=\u00bb4.6.0&#8243; _module_preset=\u00bbdefault\u00bb background_image=\u00bbhttps:\/\/compassrosepublicschools.org\/wp-content\/uploads\/2022\/04\/20190411-AD3A5226-scaled.jpg\u00bb][et_pb_image src=\u00bbhttps:\/\/compassrosepublicschools.org\/wp-content\/uploads\/2022\/04\/20190411-AD3A5226-scaled.jpg\u00bb title_text=\u00bb20190411-AD3A5226&#8243; force_fullwidth=\u00bbon\u00bb disabled_on=\u00bboff|off|on\u00bb _builder_version=\u00bb4.6.0&#8243; _module_preset=\u00bbdefault\u00bb][\/et_pb_image][\/et_pb_column][et_pb_column type=\u00bb1_2&#8243; _builder_version=\u00bb4.6.0&#8243; _module_preset=\u00bbdefault\u00bb][et_pb_text _builder_version=\u00bb4.6.0&#8243; _module_preset=\u00bbdefault\u00bb header_4_font_size=\u00bb36px\u00bb custom_padding=\u00bb100px|125px|20px|125px|false|true\u00bb custom_padding_tablet=\u00bb110px|100px||100px|false|true\u00bb custom_padding_phone=\u00bb100px|50px||50px|false|true\u00bb custom_padding_last_edited=\u00bbon|desktop\u00bb hover_enabled=\u00bb0&#8243; sticky_enabled=\u00bb0&#8243;]<\/p>\n<h4>Lo que nuestro personal tiene que decir<\/h4>\n<p>[\/et_pb_text][et_pb_testimonial author=\u00bbSan Antonio Educator\u00bb job_title=\u00bbEncuesta sobre un gran lugar para trabajar\u00bb company_name=\u00bb2022&#8243; quote_icon=\u00bboff\u00bb _builder_version=\u00bb4.6.0&#8243; _module_preset=\u00bbdefault\u00bb body_font_size=\u00bb20px\u00bb author_font=\u00bb||||||||\u00bb background_color=\u00bb#ffffff\u00bb custom_padding=\u00bb0px|200px||125px|false|false\u00bb custom_padding_tablet=\u00bb|100px|125px|100px|false|true\u00bb custom_padding_phone=\u00bb|50px||50px|false|true\u00bb custom_padding_last_edited=\u00bbon|phone\u00bb]<\/p>\n<p><span style=\"font-weight: 400;\">\u201cEste es realmente un entorno en el que se prioriza la seguridad psicol\u00f3gica: podemos traer nuestro yo aut\u00e9ntico al trabajo todos los d\u00edas porque la gerencia ha brindado y creado ese espacio.\u201d<\/span><\/p>\n<p>[\/et_pb_testimonial][\/et_pb_column][\/et_pb_row][\/et_pb_section]<\/p>\n<style class=\"advgb-styles-renderer\"><!-- [et_pb_line_break_holder] -->\/* DP Slider Navigation *\/<!-- [et_pb_line_break_holder] --><!-- [et_pb_line_break_holder] -->#dp-carousel .swiper-button-prev {<!-- [et_pb_line_break_holder] -->\ttransform: none;<!-- [et_pb_line_break_holder] -->  margin-top: -100px;<!-- [et_pb_line_break_holder] -->  top: 10px !important;<!-- [et_pb_line_break_holder] -->  margin-left: auto!important;<!-- [et_pb_line_break_holder] -->  right: 52px;<!-- [et_pb_line_break_holder] -->\tfont-size: 20px !important;<!-- [et_pb_line_break_holder] -->\tbackground-color: #fff;<!-- [et_pb_line_break_holder] -->  padding: 25px !important;<!-- [et_pb_line_break_holder] -->}<!-- [et_pb_line_break_holder] -->#dp-carousel .swiper-button-next {<!-- [et_pb_line_break_holder] -->\ttransform: none;<!-- [et_pb_line_break_holder] -->  top: 10px !important;<!-- [et_pb_line_break_holder] -->  margin-top:-100px;<!-- [et_pb_line_break_holder] -->  right: 0px !important;<!-- [et_pb_line_break_holder] -->  background-color: #fff;<!-- [et_pb_line_break_holder] -->  padding: 25px !important;<!-- [et_pb_line_break_holder] -->}<!-- [et_pb_line_break_holder] --><!-- [et_pb_line_break_holder] -->\/* Arrow Size and Style *\/<!-- [et_pb_line_break_holder] -->.swiper-button-next:after, .swiper-button-prev:after {<!-- [et_pb_line_break_holder] -->\tfont-size: 20px;<!-- [et_pb_line_break_holder] -->  color: #aed4e4;<!-- [et_pb_line_break_holder] -->}<!-- [et_pb_line_break_holder] --><!-- [et_pb_line_break_holder] -->\/* DP Slider Pagination *\/<!-- [et_pb_line_break_holder] -->#dp-carousel .swiper-pagination-bullet-active {<!-- [et_pb_line_break_holder] -->\tbackground-color: #fff;<!-- [et_pb_line_break_holder] -->}<!-- [et_pb_line_break_holder] -->#dp-carousel .swiper-pagination-bullet {<!-- [et_pb_line_break_holder] -->\tbackground-color: #fff;<!-- [et_pb_line_break_holder] -->  top: 15px;<!-- [et_pb_line_break_holder] -->}<!-- [et_pb_line_break_holder] --><\/style>\n","protected":false},"excerpt":{"rendered":"<p>Somos una red de escuelas gratuitas de inscripci\u00f3n abierta dedicadas a garantizar que cada ni\u00f1o pueda navegar con \u00e9xito las mayores oportunidades de la vida a trav\u00e9s del rigor acad\u00e9mico [&hellip;]<\/p>\n","protected":false},"author":1,"featured_media":0,"parent":0,"menu_order":0,"comment_status":"closed","ping_status":"closed","template":"","meta":{"_acf_changed":false,"_et_pb_use_builder":"on","_et_pb_old_content":"","_et_gb_content_width":"","advgb_blocks_editor_width":"","advgb_blocks_columns_visual_guide":"","footnotes":"","_links_to":"","_links_to_target":""},"class_list":["post-244059","page","type-page","status-publish","hentry"],"acf":[],"coauthors":[],"author_meta":{"author_link":"https:\/\/compassrosepublicschools.org\/es\/author\/compassrstg\/","display_name":"compassrstg"},"relative_dates":{"created":"Publicado 4 a\u00f1os hace","modified":"Actualizado 4 a\u00f1os hace"},"absolute_dates":{"created":"Publicado el marzo 2, 2022","modified":"Actualizado el junio 14, 2022"},"absolute_dates_time":{"created":"Publicado el marzo 2, 2022 10:36 pm","modified":"Actualizado el junio 14, 2022 9:03 pm"},"featured_img_caption":"","featured_img":false,"series_order":"","_links":{"self":[{"href":"https:\/\/compassrosepublicschools.org\/es\/wp-json\/wp\/v2\/pages\/244059","targetHints":{"allow":["GET"]}}],"collection":[{"href":"https:\/\/compassrosepublicschools.org\/es\/wp-json\/wp\/v2\/pages"}],"about":[{"href":"https:\/\/compassrosepublicschools.org\/es\/wp-json\/wp\/v2\/types\/page"}],"author":[{"embeddable":true,"href":"https:\/\/compassrosepublicschools.org\/es\/wp-json\/wp\/v2\/users\/1"}],"replies":[{"embeddable":true,"href":"https:\/\/compassrosepublicschools.org\/es\/wp-json\/wp\/v2\/comments?post=244059"}],"version-history":[{"count":0,"href":"https:\/\/compassrosepublicschools.org\/es\/wp-json\/wp\/v2\/pages\/244059\/revisions"}],"wp:attachment":[{"href":"https:\/\/compassrosepublicschools.org\/es\/wp-json\/wp\/v2\/media?parent=244059"}],"curies":[{"name":"wp","href":"https:\/\/api.w.org\/{rel}","templated":true}]}}