{"id":244063,"date":"2022-03-16T00:07:45","date_gmt":"2022-03-16T00:07:45","guid":{"rendered":"https:\/\/compassrosepublicschools.org\/inscripcion\/s-t-e-a-m-y-aeronautica\/"},"modified":"2022-06-14T17:22:20","modified_gmt":"2022-06-14T17:22:20","slug":"stem-aeronautica","status":"publish","type":"page","link":"https:\/\/compassrosepublicschools.org\/es\/academicos\/stem-aeronautica\/","title":{"rendered":"S.T.E.M. Y AERON\u00c1UTICA"},"content":{"rendered":"<p>[et_pb_section fb_built=\u00bb1&#8243; specialty=\u00bbon\u00bb _builder_version=\u00bb4.6.0&#8243; _module_preset=\u00bbdefault\u00bb custom_padding=\u00bb0px||||false|false\u00bb][et_pb_column type=\u00bb3_4&#8243; specialty_columns=\u00bb3&#8243; _builder_version=\u00bb3.25&#8243; custom_padding=\u00bb|||\u00bb custom_padding__hover=\u00bb|||\u00bb][et_pb_row_inner _builder_version=\u00bb4.6.0&#8243; _module_preset=\u00bbdefault\u00bb custom_padding=\u00bb0px|||||\u00bb][et_pb_column_inner saved_specialty_column_type=\u00bb3_4&#8243; _builder_version=\u00bb4.6.0&#8243; _module_preset=\u00bbdefault\u00bb][et_pb_button button_url=\u00bbhttps:\/\/compassrosepublicschools.org\/es\/inscripcion\/\u00bb button_text=\u00bbRegresar a Estudios Acad\u00e9micos\u00bb button_alignment=\u00bbleft\u00bb _builder_version=\u00bb4.6.0&#8243; _module_preset=\u00bbdefault\u00bb custom_button=\u00bbon\u00bb button_text_color=\u00bb#000000&#8243; button_bg_color=\u00bbrgba(0,0,0,0)\u00bb button_border_width=\u00bb0px\u00bb button_font=\u00bb||||||||\u00bb button_icon=\u00bb%%19%%\u00bb button_icon_color=\u00bb#000000&#8243; button_icon_placement=\u00bbleft\u00bb button_on_hover=\u00bboff\u00bb background_layout=\u00bbdark\u00bb custom_margin=\u00bb|||-3%|false|false\u00bb custom_padding=\u00bb|||0px|false|false\u00bb global_module=\u00bb244114&#8243; button_text_color__hover_enabled=\u00bbon|desktop\u00bb button_text_color__hover=\u00bb#00a9e0&#8243; button_icon_color__hover_enabled=\u00bbon|hover\u00bb button_icon_color__hover=\u00bb#00a9e0&#8243;][\/et_pb_button][et_pb_text _builder_version=\u00bb4.6.0&#8243; _module_preset=\u00bbdefault\u00bb header_font_size=\u00bb48px\u00bb header_4_text_color=\u00bb#00a9e0&#8243; hover_enabled=\u00bb0&#8243; header_font_size_tablet=\u00bb\u00bb header_font_size_phone=\u00bb38px\u00bb header_font_size_last_edited=\u00bbon|phone\u00bb sticky_enabled=\u00bb0&#8243;]<\/p>\n<p style=\"padding-bottom: .58em;\"><span style=\"font-size: 26px; color: #01a9e0;\">CAMPO DE ESTUDIO:<\/span><\/p>\n<h1>S.T.E.M. Y AERON\u00c1UTICA<\/h1>\n<p>Compass Rose Ingenuity es el hogar de uno de los \u00fanicos programas Aeron\u00e1uticos S.T.E.A.M. enfocados K-12 en Texas. Los estudiantes son introducidos a S.T.E.A.M. en k\u00ednder cuando aprenden codificaci\u00f3n y para cuando llegan a la escuela secundaria est\u00e1n aprendiendo seguridad cibern\u00e9tica e ingenier\u00eda aeron\u00e1utica.<\/p>\n<p>[\/et_pb_text][et_pb_image src=\u00bbhttps:\/\/compassrosepublicschools.org\/wp-content\/uploads\/2022\/04\/cr-academics-stem-lg.jpg\u00bb title_text=\u00bbcr-academics-stem-lg\u00bb _builder_version=\u00bb4.6.0&#8243; _module_preset=\u00bbdefault\u00bb][\/et_pb_image][\/et_pb_column_inner][\/et_pb_row_inner][et_pb_row_inner column_structure=\u00bb1_3,1_3,1_3&#8243; _builder_version=\u00bb4.6.0&#8243; _module_preset=\u00bbdefault\u00bb custom_padding=\u00bb0px|||||\u00bb][et_pb_column_inner type=\u00bb1_3&#8243; saved_specialty_column_type=\u00bb3_4&#8243; _builder_version=\u00bb4.6.0&#8243; _module_preset=\u00bbdefault\u00bb][et_pb_blurb image=\u00bbhttps:\/\/compassrosepublicschools.org\/wp-content\/uploads\/2022\/03\/icon-guest-speaker.png\u00bb icon_alignment=\u00bbleft\u00bb _builder_version=\u00bb4.6.0&#8243; _module_preset=\u00bbdefault\u00bb]<\/p>\n<p><span style=\"font-weight: 400;\">Conferencias y oportunidades de aprendizaje en asociaci\u00f3n con el Museo de Ciencia y Tecnolog\u00eda de San Antonio (SAMSAT)<\/span><\/p>\n<p>[\/et_pb_blurb][\/et_pb_column_inner][et_pb_column_inner type=\u00bb1_3&#8243; saved_specialty_column_type=\u00bb3_4&#8243; _builder_version=\u00bb4.6.0&#8243; _module_preset=\u00bbdefault\u00bb][et_pb_blurb image=\u00bbhttps:\/\/compassrosepublicschools.org\/wp-content\/uploads\/2022\/03\/icon-respect.png\u00bb icon_alignment=\u00bbleft\u00bb _builder_version=\u00bb4.6.0&#8243; _module_preset=\u00bbdefault\u00bb]<\/p>\n<p><span style=\"font-weight: 400;\">Asociaci\u00f3n y ubicaci\u00f3n estrat\u00e9gica en Port San Antonio, sede de Lockheed Martin, Boeing y numerosas empresas aeron\u00e1uticas<\/span><\/p>\n<p>[\/et_pb_blurb][\/et_pb_column_inner][et_pb_column_inner type=\u00bb1_3&#8243; saved_specialty_column_type=\u00bb3_4&#8243; _builder_version=\u00bb4.6.0&#8243; _module_preset=\u00bbdefault\u00bb][et_pb_blurb image=\u00bbhttps:\/\/compassrosepublicschools.org\/wp-content\/uploads\/2022\/03\/icon-apprenticeship.png\u00bb icon_alignment=\u00bbleft\u00bb _builder_version=\u00bb4.6.0&#8243; _module_preset=\u00bbdefault\u00bb]<\/p>\n<p><span style=\"font-weight: 400;\">Al llegar a la escuela de preparatoria, los estudiantes tendr\u00e1n oportunidades de aprendizaje en empresas de Port San Antonio.<\/span><\/p>\n<p>[\/et_pb_blurb][\/et_pb_column_inner][\/et_pb_row_inner][\/et_pb_column][et_pb_column type=\u00bb1_4&#8243; _builder_version=\u00bb3.25&#8243; custom_padding=\u00bb|||\u00bb custom_padding__hover=\u00bb|||\u00bb][et_pb_text _builder_version=\u00bb4.6.0&#8243; _module_preset=\u00bbdefault\u00bb custom_margin=\u00bb||11px|||\u00bb border_color_all=\u00bb#bdbdbd\u00bb global_module=\u00bb243949&#8243;]<\/p>\n<p>Estudios Acad\u00e9micos<\/p>\n<p>[\/et_pb_text][et_pb_text _builder_version=\u00bb4.6.0&#8243; _module_preset=\u00bbdefault\u00bb header_font=\u00bb|600|||||||\u00bb header_6_text_color=\u00bb#000000&#8243; header_6_font_size=\u00bb13px\u00bb custom_margin=\u00bb0px||0px||false|false\u00bb custom_padding=\u00bb20px||10px|15px|false|false\u00bb border_width_all=\u00bb1px\u00bb border_color_all=\u00bb#bdbdbd\u00bb saved_tabs=\u00bball\u00bb]<\/p>\n<h6><a href=\"https:\/\/compassrosepublicschools.org\/es\/inscripcion\/s-t-e-a-m-y-aeronautica\/\" alt=\"Aeronautics Program Page\" title=\"S.T.E.M. &amp; Aeronautics\">S.T.E.M. &amp; Aeronautics<\/a><\/h6>\n<p>[\/et_pb_text][et_pb_text _builder_version=\u00bb4.6.0&#8243; _module_preset=\u00bbdefault\u00bb header_font=\u00bb|600|||||||\u00bb header_6_text_color=\u00bb#000000&#8243; header_6_font_size=\u00bb13px\u00bb custom_margin=\u00bb0px||0px||false|false\u00bb custom_padding=\u00bb20px||10px|15px|false|false\u00bb border_width_all=\u00bb1px\u00bb border_color_all=\u00bb#bdbdbd\u00bb border_width_top=\u00bb0px\u00bb global_module=\u00bb243944&#8243;]<\/p>\n<h6><a href=\"https:\/\/compassrosepublicschools.org\/es\/inscripcion\/emprendimiento\/\" title=\"Emprendimiento\">Emprendimiento<\/a><\/h6>\n<p>[\/et_pb_text][et_pb_text _builder_version=\u00bb4.6.0&#8243; _module_preset=\u00bbdefault\u00bb header_font=\u00bb|600|||||||\u00bb header_6_text_color=\u00bb#000000&#8243; header_6_font_size=\u00bb13px\u00bb custom_margin=\u00bb0px||0px||false|false\u00bb custom_padding=\u00bb20px||10px|15px|false|false\u00bb border_width_all=\u00bb1px\u00bb border_color_all=\u00bb#bdbdbd\u00bb border_width_top=\u00bb0px\u00bb global_module=\u00bb243946&#8243;]<\/p>\n<h6><a href=\"https:\/\/compassrosepublicschools.org\/es\/inscripcion\/ciencias-de-la-computacion\/\" title=\"Ciencias de la Computaci\u00f3n\">Ciencias de la Computaci\u00f3n<\/a><\/h6>\n<p>[\/et_pb_text][et_pb_text _builder_version=\u00bb4.6.0&#8243; _module_preset=\u00bbdefault\u00bb header_font=\u00bb|600|||||||\u00bb header_6_text_color=\u00bb#000000&#8243; header_6_font_size=\u00bb13px\u00bb custom_margin=\u00bb0px||0px||false|false\u00bb custom_padding=\u00bb20px||10px|15px|false|false\u00bb border_width_all=\u00bb1px\u00bb border_color_all=\u00bb#bdbdbd\u00bb border_width_top=\u00bb0px\u00bb]<\/p>\n<h6><a href=\"https:\/\/compassrosepublicschools.org\/es\/inscripcion\/ciencias-agricolas\/\" title=\"Agricultural Science\">Agricultural Science<\/a><\/h6>\n<p>[\/et_pb_text][et_pb_text _builder_version=\u00bb4.6.0&#8243; _module_preset=\u00bbdefault\u00bb header_font=\u00bb|600|||||||\u00bb header_6_text_color=\u00bb#000000&#8243; header_6_font_size=\u00bb13px\u00bb custom_margin=\u00bb0px||0px||false|false\u00bb custom_padding=\u00bb20px||10px|15px|false|false\u00bb border_width_all=\u00bb1px\u00bb border_color_all=\u00bb#bdbdbd\u00bb border_width_top=\u00bb0px\u00bb global_module=\u00bb243950&#8243;]<\/p>\n<h6><a href=\"https:\/\/compassrosepublicschools.org\/es\/inscripcion\/aprendizaje-basado-en-la-naturaleza-y-salud-publica\/\" title=\"Aprendizaje basado en la Naturaleza y Salud P\u00fablica\">Aprendizaje basado en la Naturaleza y Salud P\u00fablica <\/a><\/h6>\n<p>[\/et_pb_text][et_pb_text _builder_version=\u00bb4.6.0&#8243; _module_preset=\u00bbdefault\u00bb header_font=\u00bb|600|||||||\u00bb header_6_text_color=\u00bb#000000&#8243; header_6_font_size=\u00bb13px\u00bb custom_margin=\u00bb0px||0px||false|false\u00bb custom_padding=\u00bb20px||10px|15px|false|false\u00bb border_width_all=\u00bb1px\u00bb border_color_all=\u00bb#bdbdbd\u00bb border_width_top=\u00bb0px\u00bb saved_tabs=\u00bball\u00bb]<\/p>\n<h6><a href=\"https:\/\/compassrosepublicschools.org\/es\/inscripcion\/medicina\/\" title=\"Medicine\">Medicine<\/a><\/h6>\n<p>[\/et_pb_text][\/et_pb_column][\/et_pb_section][et_pb_section fb_built=\u00bb1&#8243; _builder_version=\u00bb4.6.0&#8243; _module_preset=\u00bbdefault\u00bb custom_padding=\u00bb0px||||false|false\u00bb][et_pb_row _builder_version=\u00bb4.6.0&#8243; _module_preset=\u00bbdefault\u00bb custom_padding=\u00bb0px||||false|false\u00bb][et_pb_column type=\u00bb4_4&#8243; _builder_version=\u00bb4.6.0&#8243; _module_preset=\u00bbdefault\u00bb custom_padding=\u00bb||||false|false\u00bb][et_pb_text _builder_version=\u00bb4.6.0&#8243; _module_preset=\u00bbdefault\u00bb hover_enabled=\u00bb0&#8243; sticky_enabled=\u00bb0&#8243;]<\/p>\n<h2><b>NUESTRO CAMPUS DE S.T.E.M. Y AERON\u00c1UTICA <\/b><\/h2>\n<p>[\/et_pb_text][\/et_pb_column][\/et_pb_row][et_pb_row column_structure=\u00bb1_3,1_3,1_3&#8243; _builder_version=\u00bb4.6.0&#8243; _module_preset=\u00bbdefault\u00bb custom_padding=\u00bb0px||||false|false\u00bb][et_pb_column type=\u00bb1_3&#8243; _builder_version=\u00bb4.6.0&#8243; _module_preset=\u00bbdefault\u00bb][et_pb_image src=\u00bbhttps:\/\/compassrosepublicschools.org\/wp-content\/uploads\/2022\/03\/cr-ingenuity-logo-1.png\u00bb title_text=\u00bbcr-ingenuity-logo\u00bb url=\u00bbhttps:\/\/compassrosepublicschools.org\/es\/locations\/ingenuity-campus\/\u00bb _builder_version=\u00bb4.6.0&#8243; _module_preset=\u00bbdefault\u00bb box_shadow_style=\u00bbpreset1&#8243;][\/et_pb_image][et_pb_text _builder_version=\u00bb4.6.0&#8243; _module_preset=\u00bbdefault\u00bb custom_margin=\u00bb0px||0px||true|false\u00bb custom_padding=\u00bb0px||0px||true|false\u00bb link_option_url=\u00bbhttps:\/\/compassrosepublicschools.org\/es\/locations\/harvest-campus\/\u00bb]<\/p>\n<h5 class=\"location-entry-title\"><a href=\"https:\/\/compassrosepublicschools.org\/es\/locations\/harvest-campus\/\">COMPASS ROSE INGENUITY CAMPUS<\/a><\/h5>\n<p>522 Billy Mitchell Blvd<br \/>\nSan Antonio, TX 78226[\/et_pb_text][et_pb_button button_url=\u00bbhttps:\/\/compassrosepublicschools.org\/es\/locations\/ingenuity-campus\/\u00bb button_text=\u00bbAprende M\u00e1s\u00bb _builder_version=\u00bb4.6.0&#8243; _module_preset=\u00bbdefault\u00bb custom_padding=\u00bb5px|75px|5px|75px|true|true\u00bb][\/et_pb_button][\/et_pb_column][et_pb_column type=\u00bb1_3&#8243; _builder_version=\u00bb4.6.0&#8243; _module_preset=\u00bbdefault\u00bb][\/et_pb_column][et_pb_column type=\u00bb1_3&#8243; _builder_version=\u00bb4.6.0&#8243; _module_preset=\u00bbdefault\u00bb][\/et_pb_column][\/et_pb_row][\/et_pb_section]<\/p>\n","protected":false},"excerpt":{"rendered":"<p>CAMPO DE ESTUDIO: S.T.E.M. Y AERON\u00c1UTICA Compass Rose Ingenuity es el hogar de uno de los \u00fanicos programas Aeron\u00e1uticos S.T.E.A.M. enfocados K-12 en Texas. Los estudiantes son introducidos a S.T.E.A.M. [&hellip;]<\/p>\n","protected":false},"author":2,"featured_media":0,"parent":243930,"menu_order":0,"comment_status":"closed","ping_status":"closed","template":"","meta":{"_acf_changed":false,"_et_pb_use_builder":"on","_et_pb_old_content":"","_et_gb_content_width":"","advgb_blocks_editor_width":"","advgb_blocks_columns_visual_guide":"","footnotes":"","_links_to":"","_links_to_target":""},"class_list":["post-244063","page","type-page","status-publish","hentry"],"acf":[],"coauthors":[],"author_meta":{"author_link":"https:\/\/compassrosepublicschools.org\/es\/author\/mreyes\/","display_name":"Mary Reyes"},"relative_dates":{"created":"Publicado 4 a\u00f1os hace","modified":"Actualizado 4 a\u00f1os hace"},"absolute_dates":{"created":"Publicado el marzo 16, 2022","modified":"Actualizado el junio 14, 2022"},"absolute_dates_time":{"created":"Publicado el marzo 16, 2022 12:07 am","modified":"Actualizado el junio 14, 2022 5:22 pm"},"featured_img_caption":"","featured_img":false,"series_order":"","_links":{"self":[{"href":"https:\/\/compassrosepublicschools.org\/es\/wp-json\/wp\/v2\/pages\/244063","targetHints":{"allow":["GET"]}}],"collection":[{"href":"https:\/\/compassrosepublicschools.org\/es\/wp-json\/wp\/v2\/pages"}],"about":[{"href":"https:\/\/compassrosepublicschools.org\/es\/wp-json\/wp\/v2\/types\/page"}],"author":[{"embeddable":true,"href":"https:\/\/compassrosepublicschools.org\/es\/wp-json\/wp\/v2\/users\/2"}],"replies":[{"embeddable":true,"href":"https:\/\/compassrosepublicschools.org\/es\/wp-json\/wp\/v2\/comments?post=244063"}],"version-history":[{"count":0,"href":"https:\/\/compassrosepublicschools.org\/es\/wp-json\/wp\/v2\/pages\/244063\/revisions"}],"up":[{"embeddable":true,"href":"https:\/\/compassrosepublicschools.org\/es\/wp-json\/wp\/v2\/pages\/243930"}],"wp:attachment":[{"href":"https:\/\/compassrosepublicschools.org\/es\/wp-json\/wp\/v2\/media?parent=244063"}],"curies":[{"name":"wp","href":"https:\/\/api.w.org\/{rel}","templated":true}]}}