{"id":244441,"date":"2022-03-31T02:47:14","date_gmt":"2022-03-31T02:47:14","guid":{"rendered":"https:\/\/compassrosepublicschools.org\/aviso-de-privacidad\/"},"modified":"2022-04-22T21:12:25","modified_gmt":"2022-04-22T21:12:25","slug":"aviso-de-privacidad","status":"publish","type":"page","link":"https:\/\/compassrosepublicschools.org\/es\/aviso-de-privacidad\/","title":{"rendered":"Aviso de Privacidad"},"content":{"rendered":"<p>[et_pb_section fb_built=\u00bb1&#8243; _builder_version=\u00bb4.6.0&#8243; _module_preset=\u00bbdefault\u00bb background_image=\u00bbhttps:\/\/compassrosepublicschools.org\/wp-content\/uploads\/2022\/03\/compass-rose-hp.jpg\u00bb custom_margin=\u00bb||||false|false\u00bb custom_padding=\u00bb210px||0px|||\u00bb][et_pb_row make_equal=\u00bbon\u00bb _builder_version=\u00bb4.6.0&#8243; _module_preset=\u00bbdefault\u00bb width=\u00bb35%\u00bb width_tablet=\u00bb75%\u00bb width_phone=\u00bb\u00bb width_last_edited=\u00bbon|desktop\u00bb max_width=\u00bb100%\u00bb module_alignment=\u00bbleft\u00bb custom_margin=\u00bb|auto||auto|false|false\u00bb custom_margin_tablet=\u00bb\u00bb custom_margin_phone=\u00bb\u00bb custom_margin_last_edited=\u00bbon|tablet\u00bb custom_padding=\u00bb40px||0px||false|false\u00bb][et_pb_column type=\u00bb4_4&#8243; _builder_version=\u00bb4.6.0&#8243; _module_preset=\u00bbdefault\u00bb][et_pb_text _builder_version=\u00bb4.6.0&#8243; _module_preset=\u00bbdefault\u00bb header_font_size=\u00bb50px\u00bb background_color=\u00bb#001e60&#8243; text_orientation=\u00bbcenter\u00bb background_layout=\u00bbdark\u00bb custom_margin=\u00bb||-50px|100px|false|false\u00bb custom_margin_tablet=\u00bb|||auto|false|false\u00bb custom_margin_phone=\u00bb\u00bb custom_margin_last_edited=\u00bbon|tablet\u00bb custom_padding=\u00bb20px||10px||false|false\u00bb hover_enabled=\u00bb0&#8243; sticky_enabled=\u00bb0&#8243;]<\/p>\n<h1>Aviso de Privacidad<\/h1>\n<p>[\/et_pb_text][\/et_pb_column][\/et_pb_row][\/et_pb_section][et_pb_section fb_built=\u00bb1&#8243; _builder_version=\u00bb4.6.0&#8243; _module_preset=\u00bbdefault\u00bb][et_pb_row _builder_version=\u00bb4.6.0&#8243; _module_preset=\u00bbdefault\u00bb][et_pb_column type=\u00bb4_4&#8243; _builder_version=\u00bb4.6.0&#8243; _module_preset=\u00bbdefault\u00bb][et_pb_text _builder_version=\u00bb4.6.0&#8243; _module_preset=\u00bbdefault\u00bb]<\/p>\n<div data-id=\"1f1f0114\" data-element_type=\"widget\" data-settings=\"{&quot;_animation&quot;:&quot;fadeInUp&quot;}\" data-widget_type=\"heading.default\">\n<div>\n<h2>AVISO DE PRIVACIDAD DE COMPASS ROSE PUBLIC SCHOOLS<\/h2>\n<\/div>\n<\/div>\n<div data-id=\"634dd126\" data-element_type=\"widget\" data-widget_type=\"divider.default\">\n<div>\n<div><\/div>\n<\/div>\n<\/div>\n<div data-id=\"cb74d5a\" data-element_type=\"widget\" data-widget_type=\"text-editor.default\">\n<div>\n<div>\n<p><strong>Sitio Web de Compass Rose<\/strong><\/p>\n<p>Compass Rose se compromete a preservar la privacidad de todos los visitantes de www.compassrosesa.org (\u00abnuestro sitio web\u00bb). Esta declaraci\u00f3n de privacidad se relaciona a nuestras pr\u00e1cticas en lo relacionado a nuestro sitio web. Compass Rose respeta plenamente su derecho a la privacidad. No recopilaremos informaci\u00f3n personal\/datos personales sobre usted cuando visite nuestro sitio web a menos que elija proporcionar esa informaci\u00f3n mediante el formulario de inscripci\u00f3n. Lea la siguiente declaraci\u00f3n de privacidad para comprender c\u00f3mo usamos y protegemos la informaci\u00f3n que elige proporcionarnos.<\/p>\n<p><strong>Informaci\u00f3n Personal Que Recopilamos De Usted<br \/>\n<\/strong><\/p>\n<p>Cuando visita nuestro sitio web es posible que desee proporcionar cierta informaci\u00f3n sobre usted o su hijo como cuando completa nuestro formulario de inscripci\u00f3n. Compass Rose no recopila ning\u00fan dato personal sobre usted en este sitio web aparte de la informaci\u00f3n que nos env\u00eda voluntariamente en el formulario de inscripci\u00f3n.<\/p>\n<p><strong>Informaci\u00f3n No Personal Que Recopilamos<\/strong><\/p>\n<p>Cuando visita nuestro sitio web ciertos datos no personales est\u00e1n disponibles para nosotros a trav\u00e9s de nuestro proveedor de servicios de Internet. Estos datos no personales se recopilan de forma estad\u00edstica, agregada y no individual. Esta informaci\u00f3n puede incluir la direcci\u00f3n IP desde la que accede a nuestro sitio web, el tipo de navegador utilizado para acceder a nuestro sitio web (Internet Explorer, Firefox, etc.), el tipo de sistema operativo utilizado para acceder a nuestro sitio web (Windows, Macintosh, etc.) ), el nombre de dominio de \u00abnivel superior\u00bb utilizado (es decir, .com, .org, etc.), la fecha y hora de su visita a nuestro sitio web y la cantidad de p\u00e1ginas que visit\u00f3 en nuestro sitio web.<\/p>\n<p><strong>Uso De Su Informaci\u00f3n<\/strong><\/p>\n<p>Cualquier informaci\u00f3n que proporcione mediante el formulario de inscripci\u00f3n no se pone a disposici\u00f3n de terceros y Compass Rose solo la utiliza de acuerdo con los fines para los que la proporcion\u00f3 (por ejemplo, para contactarlo y responder cualquier consulta que haya planteado en el Formulario de inscripci\u00f3n o para abordar cualquier otro comentario que nos env\u00ede en el formulario de inscripci\u00f3n) o para cualquier prop\u00f3sito razonablemente incidental.<\/p>\n<p><strong>Divulgaci\u00f3n A Otras Personas<\/strong><\/p>\n<p>No divulgamos, vendemos ni distribuimos ninguna informaci\u00f3n personal que nos env\u00ede a terceros. Podemos pasar informaci\u00f3n agregada sobre el uso de nuestro sitio a terceros, pero esto no incluir\u00e1 informaci\u00f3n que pueda usarse para identificarlo. Sus datos personales tambi\u00e9n pueden anonimizarse y utilizarse con fines estad\u00edsticos. A menos que lo exija la ley, no compartiremos, venderemos ni distribuiremos ninguna informaci\u00f3n que nos proporcione sin su consentimiento.<\/p>\n<p><strong>Retenci\u00f3n<\/strong><\/p>\n<p>No conservamos sus datos personales durante m\u00e1s tiempo del necesario para cumplir con la finalidad para la que nos los proporcion\u00f3. Todos los datos personales que nos proporcione a trav\u00e9s de este sitio web se utilizar\u00e1n de acuerdo con los fines para los que los proporcion\u00f3 (por ejemplo, para contactarlo y responder a cualquier consulta que haya planteado en el formulario de inscripci\u00f3n o para responder a cualquier otro comentario que env\u00ede a nosotros en el formulario de inscripci\u00f3n) y despu\u00e9s de que se haya completado este prop\u00f3sito eliminaremos sus datos personales.<\/p>\n<p><strong>Acceder A Su Informaci\u00f3n<\/strong><\/p>\n<p>Tiene derecho a ver la informaci\u00f3n que tenemos sobre usted. Previa solicitud por escrito, proporcionamos copias de sus datos personales que nos haya proporcionado a trav\u00e9s de nuestro sitio web. Si desea obtener copias de estos datos personales, debe escribir al Director Ejecutivo, Paul Morrissey, en 524 Leigh St., San Antonio, TX 78210 Si descubre que Compass Rose tiene informaci\u00f3n inexacta sobre usted puede solicitar que corrijamos esa informaci\u00f3n.<\/p>\n<p><strong>Cont\u00e1ctenos<\/strong><\/p>\n<p>Si le preocupa c\u00f3mo nuestro sitio web procesa sus datos personales, no dude en comunicarnos estas inquietudes utilizando los datos de contacto a continuaci\u00f3n:<\/p>\n<p>Paul Morrissey<br \/>\nDirector Ejecutivo<br \/>\nCompass Rose Public Schools<br \/>\n(210) 540-9265<\/p>\n<\/div>\n<\/div>\n<\/div>\n<p>[\/et_pb_text][\/et_pb_column][\/et_pb_row][\/et_pb_section]<\/p>\n","protected":false},"excerpt":{"rendered":"<p>Aviso de Privacidad AVISO DE PRIVACIDAD DE COMPASS ROSE PUBLIC SCHOOLS Sitio Web de Compass Rose Compass Rose se compromete a preservar la privacidad de todos los visitantes de www.compassrosesa.org [&hellip;]<\/p>\n","protected":false},"author":2,"featured_media":0,"parent":0,"menu_order":0,"comment_status":"closed","ping_status":"closed","template":"","meta":{"_acf_changed":false,"_et_pb_use_builder":"on","_et_pb_old_content":"","_et_gb_content_width":"","advgb_blocks_editor_width":"","advgb_blocks_columns_visual_guide":"","footnotes":"","_links_to":"","_links_to_target":""},"class_list":["post-244441","page","type-page","status-publish","hentry"],"acf":[],"coauthors":[],"author_meta":{"author_link":"https:\/\/compassrosepublicschools.org\/es\/author\/mreyes\/","display_name":"Mary Reyes"},"relative_dates":{"created":"Publicado 4 a\u00f1os hace","modified":"Actualizado 4 a\u00f1os hace"},"absolute_dates":{"created":"Publicado el marzo 31, 2022","modified":"Actualizado el abril 22, 2022"},"absolute_dates_time":{"created":"Publicado el marzo 31, 2022 2:47 am","modified":"Actualizado el abril 22, 2022 9:12 pm"},"featured_img_caption":"","featured_img":false,"series_order":"","_links":{"self":[{"href":"https:\/\/compassrosepublicschools.org\/es\/wp-json\/wp\/v2\/pages\/244441","targetHints":{"allow":["GET"]}}],"collection":[{"href":"https:\/\/compassrosepublicschools.org\/es\/wp-json\/wp\/v2\/pages"}],"about":[{"href":"https:\/\/compassrosepublicschools.org\/es\/wp-json\/wp\/v2\/types\/page"}],"author":[{"embeddable":true,"href":"https:\/\/compassrosepublicschools.org\/es\/wp-json\/wp\/v2\/users\/2"}],"replies":[{"embeddable":true,"href":"https:\/\/compassrosepublicschools.org\/es\/wp-json\/wp\/v2\/comments?post=244441"}],"version-history":[{"count":0,"href":"https:\/\/compassrosepublicschools.org\/es\/wp-json\/wp\/v2\/pages\/244441\/revisions"}],"wp:attachment":[{"href":"https:\/\/compassrosepublicschools.org\/es\/wp-json\/wp\/v2\/media?parent=244441"}],"curies":[{"name":"wp","href":"https:\/\/api.w.org\/{rel}","templated":true}]}}