{"id":244710,"date":"2022-03-30T02:57:31","date_gmt":"2022-03-30T02:57:31","guid":{"rendered":"https:\/\/compassrosepublicschools.org\/nuestra-mesa-directiva-3\/"},"modified":"2022-06-23T22:21:01","modified_gmt":"2022-06-23T22:21:01","slug":"nuestra-mesa-directiva-3","status":"publish","type":"page","link":"https:\/\/compassrosepublicschools.org\/es\/nuestra-mesa-directiva-3\/","title":{"rendered":"Red Directiva y Liderazgo Escolar"},"content":{"rendered":"<p>[et_pb_section fb_built=\u00bb1&#8243; _builder_version=\u00bb4.6.0&#8243; _module_preset=\u00bbdefault\u00bb background_image=\u00bbhttps:\/\/compassrosepublicschools.org\/wp-content\/uploads\/2022\/05\/NSL-header.jpg\u00bb custom_margin=\u00bb||||false|false\u00bb custom_padding=\u00bb210px||0px|||\u00bb][et_pb_row make_equal=\u00bbon\u00bb _builder_version=\u00bb4.6.0&#8243; _module_preset=\u00bbdefault\u00bb width=\u00bb75%\u00bb width_tablet=\u00bb75%\u00bb width_phone=\u00bb\u00bb width_last_edited=\u00bbon|desktop\u00bb max_width=\u00bb100%\u00bb module_alignment=\u00bbleft\u00bb custom_margin=\u00bb|auto||auto|false|false\u00bb custom_margin_tablet=\u00bb\u00bb custom_margin_phone=\u00bb\u00bb custom_margin_last_edited=\u00bbon|tablet\u00bb custom_padding=\u00bb40px||0px||false|false\u00bb][et_pb_column type=\u00bb4_4&#8243; _builder_version=\u00bb4.6.0&#8243; _module_preset=\u00bbdefault\u00bb][et_pb_text _builder_version=\u00bb4.6.0&#8243; _module_preset=\u00bbdefault\u00bb header_font_size=\u00bb50px\u00bb background_color=\u00bb#001e60&#8243; text_orientation=\u00bbcenter\u00bb background_layout=\u00bbdark\u00bb custom_margin=\u00bb||-50px|100px|false|false\u00bb custom_margin_tablet=\u00bb|||auto|false|false\u00bb custom_margin_phone=\u00bb\u00bb custom_margin_last_edited=\u00bbon|tablet\u00bb custom_padding=\u00bb20px||10px||false|false\u00bb header_font_size_tablet=\u00bb35px\u00bb header_font_size_phone=\u00bb23px\u00bb header_font_size_last_edited=\u00bbon|phone\u00bb]<\/p>\n<h1>Red Directiva y Liderazgo Escolar<\/h1>\n<p>[\/et_pb_text][\/et_pb_column][\/et_pb_row][\/et_pb_section][et_pb_section fb_built=\u00bb1&#8243; disabled_on=\u00bboff|off|off\u00bb _builder_version=\u00bb4.6.0&#8243; _module_preset=\u00bbdefault\u00bb custom_padding=\u00bb||0px|||\u00bb][et_pb_row _builder_version=\u00bb4.6.0&#8243; _module_preset=\u00bbdefault\u00bb custom_padding=\u00bb75px|||||\u00bb][et_pb_column type=\u00bb4_4&#8243; _builder_version=\u00bb4.6.0&#8243; _module_preset=\u00bbdefault\u00bb][et_pb_text _builder_version=\u00bb4.6.0&#8243; _module_preset=\u00bbdefault\u00bb]<\/p>\n<h3>Red Directiva<\/h3>\n<p>[\/et_pb_text][\/et_pb_column][\/et_pb_row][et_pb_row column_structure=\u00bb1_3,1_3,1_3&#8243; _builder_version=\u00bb4.6.0&#8243; _module_preset=\u00bbdefault\u00bb][et_pb_column type=\u00bb1_3&#8243; _builder_version=\u00bb4.6.0&#8243; _module_preset=\u00bbdefault\u00bb][et_pb_image src=\u00bbhttps:\/\/compassrosepublicschools.org\/wp-content\/uploads\/2022\/03\/paul-morrissey.jpg\u00bb title_text=\u00bbpaul-morrissey\u00bb force_fullwidth=\u00bbon\u00bb _builder_version=\u00bb4.6.0&#8243; _module_preset=\u00bbdefault\u00bb][\/et_pb_image][et_pb_toggle title=\u00bbPaul Morrissey\u00bb open_toggle_text_color=\u00bb#000000&#8243; open_toggle_background_color=\u00bb#ffffff\u00bb closed_toggle_background_color=\u00bb#ffffff\u00bb icon_color=\u00bb#00a9e0&#8243; use_icon_font_size=\u00bbon\u00bb icon_font_size=\u00bb25px\u00bb _builder_version=\u00bb4.6.0&#8243; _module_preset=\u00bbdefault\u00bb title_text_color=\u00bb#000000&#8243; border_width_all=\u00bb0px\u00bb]Paul Morrissey es el CEO de la red y lidera el Equipo Ejecutivo. Fund\u00f3 Compass Rose en 2017 con un grado en un campus, 90 estudiantes y diez empleados. Durante cinco a\u00f1os ha hecho crecer la organizaci\u00f3n para servir a casi 3000 estudiantes en los grados K-12 en seis campus en todo el centro de Texas con un personal de m\u00e1s de 300 educadores innovadores. Antes de fundar Compass Rose Paul complet\u00f3 la beca Building Excellent Schools Fellowship, trabaj\u00f3 en un distrito de recuperaci\u00f3n en Massachusetts y gestion\u00f3 los esfuerzos de expansi\u00f3n para una red de escuelas aut\u00f3nomas en Arizona.<\/p>\n<p>Paul fue homenajeado por el San Antonio Business Journal 40 Under 40 en 2021 por su trabajo en Compass Rose y en toda la comunidad de San Antonio. Obtuvo una licenciatura en ingl\u00e9s de la Universidad de Connecticut y una maestr\u00eda en literatura del Trinity College Dublin, Irlanda.[\/et_pb_toggle][\/et_pb_column][et_pb_column type=\u00bb1_3&#8243; _builder_version=\u00bb4.6.0&#8243; _module_preset=\u00bbdefault\u00bb][et_pb_image src=\u00bbhttps:\/\/compassrosepublicschools.org\/wp-content\/uploads\/2022\/03\/ryane-burke.jpg\u00bb title_text=\u00bbryane-burke\u00bb force_fullwidth=\u00bbon\u00bb _builder_version=\u00bb4.6.0&#8243; _module_preset=\u00bbdefault\u00bb][\/et_pb_image][et_pb_toggle title=\u00bbRyane Burke\u00bb open_toggle_text_color=\u00bb#000000&#8243; open_toggle_background_color=\u00bb#ffffff\u00bb closed_toggle_background_color=\u00bb#ffffff\u00bb icon_color=\u00bb#00a9e0&#8243; use_icon_font_size=\u00bbon\u00bb icon_font_size=\u00bb25px\u00bb _builder_version=\u00bb4.6.0&#8243; _module_preset=\u00bbdefault\u00bb title_text_color=\u00bb#000000&#8243; border_width_all=\u00bb0px\u00bb]<\/p>\n<p><strong>Directora Ejecutiva<\/strong><\/p>\n<p>[\/et_pb_toggle][\/et_pb_column][et_pb_column type=\u00bb1_3&#8243; _builder_version=\u00bb4.6.0&#8243; _module_preset=\u00bbdefault\u00bb][et_pb_image src=\u00bbhttps:\/\/compassrosepublicschools.org\/wp-content\/uploads\/2022\/03\/chawanna-chambers.jpg\u00bb title_text=\u00bbchawanna-chambers\u00bb force_fullwidth=\u00bbon\u00bb _builder_version=\u00bb4.6.0&#8243; _module_preset=\u00bbdefault\u00bb][\/et_pb_image][et_pb_toggle title=\u00bbDr. Chawanna Chambers\u00bb open_toggle_text_color=\u00bb#000000&#8243; open_toggle_background_color=\u00bb#ffffff\u00bb closed_toggle_background_color=\u00bb#ffffff\u00bb icon_color=\u00bb#00a9e0&#8243; use_icon_font_size=\u00bbon\u00bb icon_font_size=\u00bb25px\u00bb _builder_version=\u00bb4.6.0&#8243; _module_preset=\u00bbdefault\u00bb title_text_color=\u00bb#000000&#8243; border_width_all=\u00bb0px\u00bb]<\/p>\n<p><strong>Directora Acad\u00e9mica<\/strong><\/p>\n<p>[\/et_pb_toggle][\/et_pb_column][\/et_pb_row][et_pb_row column_structure=\u00bb1_3,1_3,1_3&#8243; _builder_version=\u00bb4.6.0&#8243; _module_preset=\u00bbdefault\u00bb][et_pb_column type=\u00bb1_3&#8243; _builder_version=\u00bb4.6.0&#8243; _module_preset=\u00bbdefault\u00bb][et_pb_image src=\u00bbhttps:\/\/compassrosepublicschools.org\/wp-content\/uploads\/2022\/03\/pamela-awbrey.jpg\u00bb title_text=\u00bbpamela-awbrey\u00bb force_fullwidth=\u00bbon\u00bb _builder_version=\u00bb4.6.0&#8243; _module_preset=\u00bbdefault\u00bb][\/et_pb_image][et_pb_toggle title=\u00bbPamela Awbrey\u00bb open_toggle_text_color=\u00bb#000000&#8243; open_toggle_background_color=\u00bb#ffffff\u00bb closed_toggle_background_color=\u00bb#ffffff\u00bb icon_color=\u00bb#00a9e0&#8243; use_icon_font_size=\u00bbon\u00bb icon_font_size=\u00bb25px\u00bb _builder_version=\u00bb4.6.0&#8243; _module_preset=\u00bbdefault\u00bb title_text_color=\u00bb#000000&#8243; border_width_all=\u00bb0px\u00bb]<\/p>\n<p><strong>Directora de Compromiso<\/strong><\/p>\n<p>[\/et_pb_toggle][\/et_pb_column][et_pb_column type=\u00bb1_3&#8243; _builder_version=\u00bb4.6.0&#8243; _module_preset=\u00bbdefault\u00bb][et_pb_image src=\u00bbhttps:\/\/compassrosepublicschools.org\/wp-content\/uploads\/2022\/03\/larry-ray-reed.jpg\u00bb title_text=\u00bblarry-ray-reed\u00bb force_fullwidth=\u00bbon\u00bb _builder_version=\u00bb4.6.0&#8243; _module_preset=\u00bbdefault\u00bb][\/et_pb_image][et_pb_toggle title=\u00bbLarry Ray Reed\u00bb open_toggle_text_color=\u00bb#000000&#8243; open_toggle_background_color=\u00bb#ffffff\u00bb closed_toggle_background_color=\u00bb#ffffff\u00bb icon_color=\u00bb#00a9e0&#8243; use_icon_font_size=\u00bbon\u00bb icon_font_size=\u00bb25px\u00bb _builder_version=\u00bb4.6.0&#8243; _module_preset=\u00bbdefault\u00bb title_text_color=\u00bb#000000&#8243; border_width_all=\u00bb0px\u00bb]<\/p>\n<p><strong>Director Financiero<\/strong><\/p>\n<p>[\/et_pb_toggle][\/et_pb_column][et_pb_column type=\u00bb1_3&#8243; _builder_version=\u00bb4.6.0&#8243; _module_preset=\u00bbdefault\u00bb][\/et_pb_column][\/et_pb_row][\/et_pb_section][et_pb_section fb_built=\u00bb1&#8243; _builder_version=\u00bb4.6.0&#8243; _module_preset=\u00bbdefault\u00bb custom_padding=\u00bb0px||0px|||\u00bb][et_pb_row _builder_version=\u00bb4.6.0&#8243; _module_preset=\u00bbdefault\u00bb custom_padding=\u00bb50px|||||\u00bb][et_pb_column type=\u00bb4_4&#8243; _builder_version=\u00bb4.6.0&#8243; _module_preset=\u00bbdefault\u00bb][et_pb_text _builder_version=\u00bb4.6.0&#8243; _module_preset=\u00bbdefault\u00bb]<\/p>\n<h3>LIDERAZGO ESCOLAR<\/h3>\n<p>[\/et_pb_text][\/et_pb_column][\/et_pb_row][et_pb_row column_structure=\u00bb1_4,1_4,1_4,1_4&#8243; use_custom_gutter=\u00bbon\u00bb make_equal=\u00bbon\u00bb _builder_version=\u00bb4.6.0&#8243; _module_preset=\u00bbdefault\u00bb custom_padding=\u00bb||||false|false\u00bb][et_pb_column type=\u00bb1_4&#8243; _builder_version=\u00bb4.6.0&#8243; _module_preset=\u00bbdefault\u00bb][et_pb_image src=\u00bbhttps:\/\/compassrosepublicschools.org\/wp-content\/uploads\/2022\/03\/Brenner-e1654700672900.png\u00bb title_text=\u00bbBrenner\u00bb force_fullwidth=\u00bbon\u00bb _builder_version=\u00bb4.6.0&#8243; _module_preset=\u00bbdefault\u00bb height=\u00bb214px\u00bb][\/et_pb_image][et_pb_text _builder_version=\u00bb4.6.0&#8243; _module_preset=\u00bbdefault\u00bb text_font_size=\u00bb15px\u00bb hover_enabled=\u00bb0&#8243; sticky_enabled=\u00bb0&#8243;]<\/p>\n<h4>BRENNER GREEN<\/h4>\n<p><span>Director<\/span>, Legacy Elementary<\/p>\n<p><a href=\"\/es\/locations\/legacy-campus\/\" title=\"Ver Legacy Location\">Ver Locaci\u00f3n &gt;<\/a>[\/et_pb_text][\/et_pb_column][et_pb_column type=\u00bb1_4&#8243; _builder_version=\u00bb4.6.0&#8243; _module_preset=\u00bbdefault\u00bb][et_pb_image src=\u00bbhttps:\/\/compassrosepublicschools.org\/wp-content\/uploads\/2022\/03\/china-cardriche.jpg\u00bb title_text=\u00bbchina-cardriche\u00bb force_fullwidth=\u00bbon\u00bb _builder_version=\u00bb4.6.0&#8243; _module_preset=\u00bbdefault\u00bb][\/et_pb_image][et_pb_text _builder_version=\u00bb4.6.0&#8243; _module_preset=\u00bbdefault\u00bb text_font_size=\u00bb15px\u00bb]<\/p>\n<h4>CHINA CARDRICHE<\/h4>\n<p>Directora, Legacy Secondary<\/p>\n<p><a href=\"\/es\/legacy-campus\/\" title=\"Ver Locaci\u00f3n\">Ver Locaci\u00f3n &gt;<\/a><\/p>\n<p>[\/et_pb_text][\/et_pb_column][et_pb_column type=\u00bb1_4&#8243; _builder_version=\u00bb4.6.0&#8243; _module_preset=\u00bbdefault\u00bb][et_pb_image src=\u00bbhttps:\/\/compassrosepublicschools.org\/wp-content\/uploads\/2022\/03\/melissa-sanchez.jpg\u00bb title_text=\u00bbmelissa-sanchez\u00bb force_fullwidth=\u00bbon\u00bb _builder_version=\u00bb4.6.0&#8243; _module_preset=\u00bbdefault\u00bb][\/et_pb_image][et_pb_text _builder_version=\u00bb4.6.0&#8243; _module_preset=\u00bbdefault\u00bb text_font_size=\u00bb15px\u00bb]<\/p>\n<h4>MELISSA SANCHEZ<\/h4>\n<p>Directora, Ingenuity Elementary<\/p>\n<p><a href=\"\/es\/ingenuity-campus\/\" title=\"Ver Locaci\u00f3n\">Ver Locaci\u00f3n &gt;<\/a><\/p>\n<p>[\/et_pb_text][\/et_pb_column][et_pb_column type=\u00bb1_4&#8243; _builder_version=\u00bb4.6.0&#8243; _module_preset=\u00bbdefault\u00bb][et_pb_image src=\u00bbhttps:\/\/compassrosepublicschools.org\/wp-content\/uploads\/2022\/03\/jonathan-tyrell.jpg\u00bb title_text=\u00bbjonathan-tyrell\u00bb _builder_version=\u00bb4.6.0&#8243; _module_preset=\u00bbdefault\u00bb][\/et_pb_image][et_pb_text _builder_version=\u00bb4.6.0&#8243; _module_preset=\u00bbdefault\u00bb text_font_size=\u00bb15px\u00bb]<\/p>\n<h4>JONATHAN TYRRELL<\/h4>\n<p>Director, Ingenuity Secondary<\/p>\n<p><a href=\"\/es\/ingenuity-campus\/\" title=\"Ver Locaci\u00f3n\">Ver Locaci\u00f3n &gt;<\/a><\/p>\n<p>[\/et_pb_text][\/et_pb_column][\/et_pb_row][et_pb_row column_structure=\u00bb1_4,1_4,1_4,1_4&#8243; use_custom_gutter=\u00bbon\u00bb make_equal=\u00bbon\u00bb _builder_version=\u00bb4.6.0&#8243; _module_preset=\u00bbdefault\u00bb custom_padding=\u00bb||||false|false\u00bb][et_pb_column type=\u00bb1_4&#8243; _builder_version=\u00bb4.6.0&#8243; _module_preset=\u00bbdefault\u00bb][et_pb_image src=\u00bbhttps:\/\/compassrosepublicschools.org\/wp-content\/uploads\/2022\/03\/myeisha-haywood.jpg\u00bb title_text=\u00bbmyeisha-haywood\u00bb force_fullwidth=\u00bbon\u00bb _builder_version=\u00bb4.6.0&#8243; _module_preset=\u00bbdefault\u00bb][\/et_pb_image][et_pb_text _builder_version=\u00bb4.6.0&#8243; _module_preset=\u00bbdefault\u00bb text_font_size=\u00bb15px\u00bb]<\/p>\n<h4>MYEISHA HAYWOOD<\/h4>\n<p>Directora, Elementary<\/p>\n<p><a href=\"\/es\/journey-campus\/\" title=\"Ver Locaci\u00f3n\">Ver Locaci\u00f3n &gt;<\/a><\/p>\n<p>[\/et_pb_text][\/et_pb_column][et_pb_column type=\u00bb1_4&#8243; _builder_version=\u00bb4.6.0&#8243; _module_preset=\u00bbdefault\u00bb][et_pb_image src=\u00bbhttps:\/\/compassrosepublicschools.org\/wp-content\/uploads\/2022\/03\/brittany-thompson.jpg\u00bb title_text=\u00bbbrittany-thompson\u00bb force_fullwidth=\u00bbon\u00bb _builder_version=\u00bb4.6.0&#8243; _module_preset=\u00bbdefault\u00bb][\/et_pb_image][et_pb_text _builder_version=\u00bb4.6.0&#8243; _module_preset=\u00bbdefault\u00bb text_font_size=\u00bb15px\u00bb]<\/p>\n<h4>BRITTANY THOMPSON<\/h4>\n<p>Directora, Journey Secondary<\/p>\n<p><a href=\"\/es\/journey-campus\/\" title=\"Ver Locaci\u00f3n\">Ver Locaci\u00f3n &gt;<\/a><\/p>\n<p>[\/et_pb_text][\/et_pb_column][et_pb_column type=\u00bb1_4&#8243; _builder_version=\u00bb4.6.0&#8243; _module_preset=\u00bbdefault\u00bb][et_pb_image src=\u00bbhttps:\/\/compassrosepublicschools.org\/wp-content\/uploads\/2022\/05\/Felipe-Butanda.jpg\u00bb title_text=\u00bbFelipe-Butanda\u00bb force_fullwidth=\u00bbon\u00bb _builder_version=\u00bb4.6.0&#8243; _module_preset=\u00bbdefault\u00bb][\/et_pb_image][et_pb_text _builder_version=\u00bb4.6.0&#8243; _module_preset=\u00bbdefault\u00bb text_font_size=\u00bb15px\u00bb]<\/p>\n<h4>FELIPE BUTANDA<\/h4>\n<p>Director Fundador, Dream<\/p>\n<p><a href=\"\/es\/dream-campus\/\" title=\"Ver Locaci\u00f3n\">Ver Locaci\u00f3n &gt;<\/a><\/p>\n<p>[\/et_pb_text][\/et_pb_column][et_pb_column type=\u00bb1_4&#8243; _builder_version=\u00bb4.6.0&#8243; _module_preset=\u00bbdefault\u00bb][et_pb_image src=\u00bbhttps:\/\/compassrosepublicschools.org\/wp-content\/uploads\/2022\/03\/mera-dougherty.jpg\u00bb title_text=\u00bbmera-dougherty\u00bb force_fullwidth=\u00bbon\u00bb _builder_version=\u00bb4.6.0&#8243; _module_preset=\u00bbdefault\u00bb][\/et_pb_image][et_pb_text _builder_version=\u00bb4.6.0&#8243; _module_preset=\u00bbdefault\u00bb text_font_size=\u00bb15px\u00bb]<\/p>\n<h4>MERA DOUGHERTY<\/h4>\n<p>Directora, Destiny<\/p>\n<p><a href=\"\/es\/destiny-campus\/\" title=\"Ver Locaci\u00f3n\">Ver Locaci\u00f3n &gt;<\/a>[\/et_pb_text][\/et_pb_column][\/et_pb_row][et_pb_row column_structure=\u00bb1_4,1_4,1_4,1_4&#8243; use_custom_gutter=\u00bbon\u00bb make_equal=\u00bbon\u00bb _builder_version=\u00bb4.6.0&#8243; _module_preset=\u00bbdefault\u00bb custom_padding=\u00bb||||false|false\u00bb][et_pb_column type=\u00bb1_4&#8243; _builder_version=\u00bb4.6.0&#8243; _module_preset=\u00bbdefault\u00bb][et_pb_image src=\u00bbhttps:\/\/compassrosepublicschools.org\/wp-content\/uploads\/2022\/03\/zarah-carranco.jpg\u00bb title_text=\u00bbzarah-carranco\u00bb force_fullwidth=\u00bbon\u00bb _builder_version=\u00bb4.6.0&#8243; _module_preset=\u00bbdefault\u00bb][\/et_pb_image][et_pb_text _builder_version=\u00bb4.6.0&#8243; _module_preset=\u00bbdefault\u00bb text_font_size=\u00bb15px\u00bb]<\/p>\n<h4>ZARAH CARRANCO<\/h4>\n<p>Directora Fundadora, Harvest<\/p>\n<p><a href=\"\/es\/harvest-campus\/\" title=\"Ver Locaci\u00f3n\">Ver Locaci\u00f3n &gt;<\/a><\/p>\n<p>[\/et_pb_text][\/et_pb_column][et_pb_column type=\u00bb1_4&#8243; _builder_version=\u00bb4.6.0&#8243; _module_preset=\u00bbdefault\u00bb][\/et_pb_column][et_pb_column type=\u00bb1_4&#8243; _builder_version=\u00bb4.6.0&#8243; _module_preset=\u00bbdefault\u00bb][\/et_pb_column][et_pb_column type=\u00bb1_4&#8243; _builder_version=\u00bb4.6.0&#8243; _module_preset=\u00bbdefault\u00bb][\/et_pb_column][\/et_pb_row][\/et_pb_section]<\/p>\n","protected":false},"excerpt":{"rendered":"<p>Red Directiva y Liderazgo EscolarRed DirectivaPaul Morrissey es el CEO de la red y lidera el Equipo Ejecutivo. Fund\u00f3 Compass Rose en 2017 con un grado en un campus, 90 [&hellip;]<\/p>\n","protected":false},"author":2,"featured_media":0,"parent":0,"menu_order":0,"comment_status":"closed","ping_status":"closed","template":"","meta":{"_acf_changed":false,"_et_pb_use_builder":"on","_et_pb_old_content":"","_et_gb_content_width":"","advgb_blocks_editor_width":"","advgb_blocks_columns_visual_guide":"","footnotes":"","_links_to":"","_links_to_target":""},"class_list":["post-244710","page","type-page","status-publish","hentry"],"acf":[],"coauthors":[],"author_meta":{"author_link":"https:\/\/compassrosepublicschools.org\/es\/author\/mreyes\/","display_name":"Mary Reyes"},"relative_dates":{"created":"Publicado 4 a\u00f1os hace","modified":"Actualizado 4 a\u00f1os hace"},"absolute_dates":{"created":"Publicado el marzo 30, 2022","modified":"Actualizado el junio 23, 2022"},"absolute_dates_time":{"created":"Publicado el marzo 30, 2022 2:57 am","modified":"Actualizado el junio 23, 2022 10:21 pm"},"featured_img_caption":"","featured_img":false,"series_order":"","_links":{"self":[{"href":"https:\/\/compassrosepublicschools.org\/es\/wp-json\/wp\/v2\/pages\/244710","targetHints":{"allow":["GET"]}}],"collection":[{"href":"https:\/\/compassrosepublicschools.org\/es\/wp-json\/wp\/v2\/pages"}],"about":[{"href":"https:\/\/compassrosepublicschools.org\/es\/wp-json\/wp\/v2\/types\/page"}],"author":[{"embeddable":true,"href":"https:\/\/compassrosepublicschools.org\/es\/wp-json\/wp\/v2\/users\/2"}],"replies":[{"embeddable":true,"href":"https:\/\/compassrosepublicschools.org\/es\/wp-json\/wp\/v2\/comments?post=244710"}],"version-history":[{"count":0,"href":"https:\/\/compassrosepublicschools.org\/es\/wp-json\/wp\/v2\/pages\/244710\/revisions"}],"wp:attachment":[{"href":"https:\/\/compassrosepublicschools.org\/es\/wp-json\/wp\/v2\/media?parent=244710"}],"curies":[{"name":"wp","href":"https:\/\/api.w.org\/{rel}","templated":true}]}}